{"id":239840,"date":"2020-10-20T09:49:27","date_gmt":"2020-10-20T09:49:27","guid":{"rendered":"https:\/\/surfinglisbon.com\/sobre-nos\/"},"modified":"2025-12-22T15:20:00","modified_gmt":"2025-12-22T15:20:00","slug":"sobre-nos","status":"publish","type":"page","link":"https:\/\/surfinglisbon.com\/pt-pt\/sobre-nos\/","title":{"rendered":"Sobre n\u00f3s"},"content":{"rendered":"<div class=\"et_pb_section_0 et_pb_section et_section_regular et_block_section\">\n<div class=\"et_pb_row_0 et_pb_row et_block_row\">\n<div class=\"et_pb_column_0 et_pb_column et_pb_column_1_2 et_block_column et_pb_css_mix_blend_mode_passthrough\">\n<div class=\"et_pb_text_0 et_pb_text et_pb_bg_layout_light et_pb_module et_block_module\"><div class=\"et_pb_text_inner\"><h1>SOBRE N\u00d3S<\/h1>\n<\/div><\/div>\n\n<div class=\"et_pb_text_1 et_pb_text et_pb_bg_layout_light et_pb_module et_block_module\"><div class=\"et_pb_text_inner\"><h2>A nossa hist\u00f3ria<\/h2>\n<\/div><\/div>\n\n<div class=\"et_pb_divider_0 et_pb_divider et_pb_space et_pb_divider_position_top et_pb_module\"><div class=\"et_pb_divider_internal\"><\/div><\/div>\n\n<div class=\"et_pb_text_2 et_pb_text et_pb_bg_layout_light et_pb_module et_block_module\"><div class=\"et_pb_text_inner\"><p>Ol\u00e1! Eu sou o Eduardo, treinador de surf profissional com 35 anos de experi\u00eancia de surf, licenciado pela Federa\u00e7\u00e3o Portuguesa de Surf e pelo Instituto Portugu\u00eas do Desporto e Juventude. <\/p>\n<p>Iniciei-me na modalidade na Costa da Caparica, com amigos, tendo sido autodidata.<\/p>\n<p>O surf \u00e9 a minha paix\u00e3o e, para mim, fazia todo o sentido que se tornasse a minha profiss\u00e3o.<\/p>\n<p>Desde as minhas primeiras ondas e ao longo dos anos, o desporto tem evolu\u00eddo, hoje em dia, a presen\u00e7a de um profissional que ajude a dar os primeiros passos pode fazer toda a diferen\u00e7a. A base do surf \u00e9 essencial quer queiras apenas uma experi\u00eancia e divers\u00e3o, como tamb\u00e9m uma aposta no crescimento e evolu\u00e7\u00e3o. <\/p>\n<p>Acima de tudo, sou respons\u00e1vel e dedicada aos meus alunos, querendo proporcionar-lhes a melhor experi\u00eancia, com aulas de qualidade, seguras e divertidas, para todos os n\u00edveis e capacidades.<\/p>\n<p>Pretendem tamb\u00e9m transmitir o gosto por este desporto, cuja pr\u00e1tica tem vindo a crescer no nosso pa\u00eds, com o crescente reconhecimento do p\u00fablico de novos talentos nacionais.<\/p>\n<p>Quem sabe, talvez sejas o pr\u00f3ximo?<\/p>\n<\/div><\/div>\n\n<ul class=\"et_pb_social_media_follow_0 et_pb_social_media_follow et_pb_bg_layout_light et_pb_text_align_center et_pb_module et_flex_module\">\n<li class=\"et_pb_social_media_follow_network_0 et_pb_social_media_follow_network et_pb_social_icon et_pb_social_network_link et-social-facebook et_pb_module et_flex_module\"><a href=\"https:\/\/www.facebook.com\/Surfinglisbon-116085856606199\" class=\"icon\" target=\"_self\" title=\"Follow on Facebook\" rel=\"noopener\"><span class=\"et_pb_social_media_follow_network_name\">Segue<\/span><\/a><\/li>\n\n<li class=\"et_pb_social_media_follow_network_1 et_pb_social_media_follow_network et_pb_social_icon et_pb_social_network_link et-social-instagram et_pb_module et_flex_module\"><a href=\"https:\/\/www.instagram.com\/surfinglisbon\/\" class=\"icon\" target=\"_self\" title=\"Follow on Instagram\" rel=\"noopener\"><span class=\"et_pb_social_media_follow_network_name\">Segue<\/span><\/a><\/li>\n<\/ul>\n<\/div>\n\n<div class=\"et_pb_column_1 et_pb_column et_pb_column_1_2 et-last-child et_block_column et_pb_css_mix_blend_mode_passthrough\">\n<div class=\"et_pb_image_0 et_pb_image et_pb_module et_block_module\"><span class=\"et_pb_image_wrap\"><img loading=\"lazy\" decoding=\"async\" src=\"https:\/\/surfinglisbon.com\/wp-content\/uploads\/2023\/12\/surfing_lisbon_about.jpg\" width=\"1024\" height=\"1024\" srcset=\"https:\/\/surfinglisbon.com\/wp-content\/uploads\/2023\/12\/surfing_lisbon_about.jpg 1024w, https:\/\/surfinglisbon.com\/wp-content\/uploads\/2023\/12\/surfing_lisbon_about-980x980.jpg 980w, https:\/\/surfinglisbon.com\/wp-content\/uploads\/2023\/12\/surfing_lisbon_about-480x480.jpg 480w\" sizes=\"(min-width: 0px) and (max-width: 480px) 480px, (min-width: 481px) and (max-width: 980px) 980px, (min-width: 981px) 1024px, 100vw\" class=\"wp-image-239310\" title=\"surfing_lisbon_about\" alt=\"surfing lisbon about us\" \/><\/span><\/div>\n\n<div class=\"et_pb_code_0 et_pb_code et_pb_text_align_center et_pb_module\"><div class=\"et_pb_code_inner\"><!-- FareHarbor book button for flow #181030 -->\n<a href=\"https:\/\/fareharbor.com\/embeds\/book\/geckosurfschool\/?full-items=yes&amp;flow=181030\">RESERVA ONLINE<\/a><\/div><\/div>\n<\/div>\n<\/div>\n<\/div>","protected":false},"excerpt":{"rendered":"","protected":false},"author":1,"featured_media":0,"parent":0,"menu_order":0,"comment_status":"closed","ping_status":"closed","template":"","meta":{"footnotes":""},"class_list":["post-239840","page","type-page","status-publish","hentry"],"yoast_head":"<!-- This site is optimized with the Yoast SEO plugin v27.3 - https:\/\/yoast.com\/product\/yoast-seo-wordpress\/ -->\n<title>Sobre n\u00f3s | Surfing Lisbon | Aulas de Surf | Surfinglisbon.com<\/title>\n<meta name=\"description\" content=\"About Surfing Lisbon foi criada em 2016, oferecendo as sess\u00f5es de grupo mais pequenas na zona de Lisboa Costa da Caparica. Fica a saber mais.\" \/>\n<meta name=\"robots\" content=\"index, follow, max-snippet:-1, max-image-preview:large, max-video-preview:-1\" \/>\n<link rel=\"canonical\" href=\"https:\/\/surfinglisbon.com\/pt-pt\/sobre-nos\/\" \/>\n<meta property=\"og:locale\" content=\"pt_PT\" \/>\n<meta property=\"og:type\" content=\"article\" \/>\n<meta property=\"og:title\" content=\"Sobre n\u00f3s | Surfing Lisbon | Aulas de Surf | Surfinglisbon.com\" \/>\n<meta property=\"og:description\" content=\"About Surfing Lisbon foi criada em 2016, oferecendo as sess\u00f5es de grupo mais pequenas na zona de Lisboa Costa da Caparica. Fica a saber mais.\" \/>\n<meta property=\"og:url\" content=\"https:\/\/surfinglisbon.com\/pt-pt\/sobre-nos\/\" \/>\n<meta property=\"og:site_name\" content=\"Surfing Lisbon\" \/>\n<meta property=\"article:publisher\" content=\"https:\/\/www.facebook.com\/profile.php?id=100065114705610\" \/>\n<meta property=\"article:modified_time\" content=\"2025-12-22T15:20:00+00:00\" \/>\n<meta name=\"twitter:card\" content=\"summary_large_image\" \/>\n<script type=\"application\/ld+json\" class=\"yoast-schema-graph\">{\"@context\":\"https:\\\/\\\/schema.org\",\"@graph\":[{\"@type\":\"WebPage\",\"@id\":\"https:\\\/\\\/surfinglisbon.com\\\/pt-pt\\\/sobre-nos\\\/\",\"url\":\"https:\\\/\\\/surfinglisbon.com\\\/pt-pt\\\/sobre-nos\\\/\",\"name\":\"Sobre n\u00f3s | Surfing Lisbon | Aulas de Surf | Surfinglisbon.com\",\"isPartOf\":{\"@id\":\"https:\\\/\\\/surfinglisbon.com\\\/pt-pt\\\/#website\"},\"datePublished\":\"2020-10-20T09:49:27+00:00\",\"dateModified\":\"2025-12-22T15:20:00+00:00\",\"description\":\"About Surfing Lisbon foi criada em 2016, oferecendo as sess\u00f5es de grupo mais pequenas na zona de Lisboa Costa da Caparica. Fica a saber mais.\",\"breadcrumb\":{\"@id\":\"https:\\\/\\\/surfinglisbon.com\\\/pt-pt\\\/sobre-nos\\\/#breadcrumb\"},\"inLanguage\":\"pt-PT\",\"potentialAction\":[{\"@type\":\"ReadAction\",\"target\":[\"https:\\\/\\\/surfinglisbon.com\\\/pt-pt\\\/sobre-nos\\\/\"]}]},{\"@type\":\"BreadcrumbList\",\"@id\":\"https:\\\/\\\/surfinglisbon.com\\\/pt-pt\\\/sobre-nos\\\/#breadcrumb\",\"itemListElement\":[{\"@type\":\"ListItem\",\"position\":1,\"name\":\"Home\",\"item\":\"https:\\\/\\\/surfinglisbon.com\\\/pt-pt\\\/\"},{\"@type\":\"ListItem\",\"position\":2,\"name\":\"Sobre n\u00f3s\"}]},{\"@type\":\"WebSite\",\"@id\":\"https:\\\/\\\/surfinglisbon.com\\\/pt-pt\\\/#website\",\"url\":\"https:\\\/\\\/surfinglisbon.com\\\/pt-pt\\\/\",\"name\":\"Surfing Lisbon\",\"description\":\"Surf Lessons in Lisbon\",\"publisher\":{\"@id\":\"https:\\\/\\\/surfinglisbon.com\\\/pt-pt\\\/#organization\"},\"potentialAction\":[{\"@type\":\"SearchAction\",\"target\":{\"@type\":\"EntryPoint\",\"urlTemplate\":\"https:\\\/\\\/surfinglisbon.com\\\/pt-pt\\\/?s={search_term_string}\"},\"query-input\":{\"@type\":\"PropertyValueSpecification\",\"valueRequired\":true,\"valueName\":\"search_term_string\"}}],\"inLanguage\":\"pt-PT\"},{\"@type\":\"Organization\",\"@id\":\"https:\\\/\\\/surfinglisbon.com\\\/pt-pt\\\/#organization\",\"name\":\"Surfar em Lisboa\",\"url\":\"https:\\\/\\\/surfinglisbon.com\\\/pt-pt\\\/\",\"logo\":{\"@type\":\"ImageObject\",\"inLanguage\":\"pt-PT\",\"@id\":\"https:\\\/\\\/surfinglisbon.com\\\/pt-pt\\\/#\\\/schema\\\/logo\\\/image\\\/\",\"url\":\"https:\\\/\\\/surfinglisbon.com\\\/wp-content\\\/uploads\\\/2024\\\/12\\\/cropped-android-chrome-512x512-1.png\",\"contentUrl\":\"https:\\\/\\\/surfinglisbon.com\\\/wp-content\\\/uploads\\\/2024\\\/12\\\/cropped-android-chrome-512x512-1.png\",\"width\":512,\"height\":512,\"caption\":\"Surfar em Lisboa\"},\"image\":{\"@id\":\"https:\\\/\\\/surfinglisbon.com\\\/pt-pt\\\/#\\\/schema\\\/logo\\\/image\\\/\"},\"sameAs\":[\"https:\\\/\\\/www.facebook.com\\\/profile.php?id=100065114705610\",\"https:\\\/\\\/www.instagram.com\\\/surfinglisbon\"]}]}<\/script>\n<!-- \/ Yoast SEO plugin. -->","yoast_head_json":{"title":"Sobre n\u00f3s | Surfing Lisbon | Aulas de Surf | Surfinglisbon.com","description":"About Surfing Lisbon foi criada em 2016, oferecendo as sess\u00f5es de grupo mais pequenas na zona de Lisboa Costa da Caparica. Fica a saber mais.","robots":{"index":"index","follow":"follow","max-snippet":"max-snippet:-1","max-image-preview":"max-image-preview:large","max-video-preview":"max-video-preview:-1"},"canonical":"https:\/\/surfinglisbon.com\/pt-pt\/sobre-nos\/","og_locale":"pt_PT","og_type":"article","og_title":"Sobre n\u00f3s | Surfing Lisbon | Aulas de Surf | Surfinglisbon.com","og_description":"About Surfing Lisbon foi criada em 2016, oferecendo as sess\u00f5es de grupo mais pequenas na zona de Lisboa Costa da Caparica. Fica a saber mais.","og_url":"https:\/\/surfinglisbon.com\/pt-pt\/sobre-nos\/","og_site_name":"Surfing Lisbon","article_publisher":"https:\/\/www.facebook.com\/profile.php?id=100065114705610","article_modified_time":"2025-12-22T15:20:00+00:00","twitter_card":"summary_large_image","schema":{"@context":"https:\/\/schema.org","@graph":[{"@type":"WebPage","@id":"https:\/\/surfinglisbon.com\/pt-pt\/sobre-nos\/","url":"https:\/\/surfinglisbon.com\/pt-pt\/sobre-nos\/","name":"Sobre n\u00f3s | Surfing Lisbon | Aulas de Surf | Surfinglisbon.com","isPartOf":{"@id":"https:\/\/surfinglisbon.com\/pt-pt\/#website"},"datePublished":"2020-10-20T09:49:27+00:00","dateModified":"2025-12-22T15:20:00+00:00","description":"About Surfing Lisbon foi criada em 2016, oferecendo as sess\u00f5es de grupo mais pequenas na zona de Lisboa Costa da Caparica. Fica a saber mais.","breadcrumb":{"@id":"https:\/\/surfinglisbon.com\/pt-pt\/sobre-nos\/#breadcrumb"},"inLanguage":"pt-PT","potentialAction":[{"@type":"ReadAction","target":["https:\/\/surfinglisbon.com\/pt-pt\/sobre-nos\/"]}]},{"@type":"BreadcrumbList","@id":"https:\/\/surfinglisbon.com\/pt-pt\/sobre-nos\/#breadcrumb","itemListElement":[{"@type":"ListItem","position":1,"name":"Home","item":"https:\/\/surfinglisbon.com\/pt-pt\/"},{"@type":"ListItem","position":2,"name":"Sobre n\u00f3s"}]},{"@type":"WebSite","@id":"https:\/\/surfinglisbon.com\/pt-pt\/#website","url":"https:\/\/surfinglisbon.com\/pt-pt\/","name":"Surfing Lisbon","description":"Surf Lessons in Lisbon","publisher":{"@id":"https:\/\/surfinglisbon.com\/pt-pt\/#organization"},"potentialAction":[{"@type":"SearchAction","target":{"@type":"EntryPoint","urlTemplate":"https:\/\/surfinglisbon.com\/pt-pt\/?s={search_term_string}"},"query-input":{"@type":"PropertyValueSpecification","valueRequired":true,"valueName":"search_term_string"}}],"inLanguage":"pt-PT"},{"@type":"Organization","@id":"https:\/\/surfinglisbon.com\/pt-pt\/#organization","name":"Surfar em Lisboa","url":"https:\/\/surfinglisbon.com\/pt-pt\/","logo":{"@type":"ImageObject","inLanguage":"pt-PT","@id":"https:\/\/surfinglisbon.com\/pt-pt\/#\/schema\/logo\/image\/","url":"https:\/\/surfinglisbon.com\/wp-content\/uploads\/2024\/12\/cropped-android-chrome-512x512-1.png","contentUrl":"https:\/\/surfinglisbon.com\/wp-content\/uploads\/2024\/12\/cropped-android-chrome-512x512-1.png","width":512,"height":512,"caption":"Surfar em Lisboa"},"image":{"@id":"https:\/\/surfinglisbon.com\/pt-pt\/#\/schema\/logo\/image\/"},"sameAs":["https:\/\/www.facebook.com\/profile.php?id=100065114705610","https:\/\/www.instagram.com\/surfinglisbon"]}]}},"_links":{"self":[{"href":"https:\/\/surfinglisbon.com\/pt-pt\/wp-json\/wp\/v2\/pages\/239840","targetHints":{"allow":["GET"]}}],"collection":[{"href":"https:\/\/surfinglisbon.com\/pt-pt\/wp-json\/wp\/v2\/pages"}],"about":[{"href":"https:\/\/surfinglisbon.com\/pt-pt\/wp-json\/wp\/v2\/types\/page"}],"author":[{"embeddable":true,"href":"https:\/\/surfinglisbon.com\/pt-pt\/wp-json\/wp\/v2\/users\/1"}],"replies":[{"embeddable":true,"href":"https:\/\/surfinglisbon.com\/pt-pt\/wp-json\/wp\/v2\/comments?post=239840"}],"version-history":[{"count":0,"href":"https:\/\/surfinglisbon.com\/pt-pt\/wp-json\/wp\/v2\/pages\/239840\/revisions"}],"wp:attachment":[{"href":"https:\/\/surfinglisbon.com\/pt-pt\/wp-json\/wp\/v2\/media?parent=239840"}],"curies":[{"name":"wp","href":"https:\/\/api.w.org\/{rel}","templated":true}]}}