{"id":239844,"date":"2020-10-20T09:47:55","date_gmt":"2020-10-20T09:47:55","guid":{"rendered":"https:\/\/surfinglisbon.com\/aulas-semi-privadas\/"},"modified":"2025-12-26T16:32:45","modified_gmt":"2025-12-26T16:32:45","slug":"aulas-semi-privadas","status":"publish","type":"page","link":"https:\/\/surfinglisbon.com\/pt-pt\/aulas-semi-privadas\/","title":{"rendered":"Aulas Semi-Privadas"},"content":{"rendered":"<div class=\"et_pb_section_0 et_pb_section et_section_regular et_block_section\">\n<div class=\"et_pb_row_0 et_pb_row et_block_row\">\n<div class=\"et_pb_column_0 et_pb_column et_pb_column_3_5 et_block_column et_pb_css_mix_blend_mode_passthrough\">\n<div class=\"et_pb_text_0 et_pb_text et_pb_bg_layout_light et_pb_module et_block_module\"><div class=\"et_pb_text_inner\"><h1>Aulas de Surf Semi-Privadas  <\/h1>\n<\/div><\/div>\n\n<div class=\"et_pb_text_1 et_pb_text et_pb_bg_layout_light et_pb_module et_block_module\"><div class=\"et_pb_text_inner\"><p><strong>INFORMA\u00c7\u00d5ES R\u00c1PIDAS<\/strong><\/p>\n<p><strong>Idade:<\/strong> Adultos, Crian\u00e7as (8+ anos)<br \/><strong>Dura\u00e7\u00e3o:<\/strong> 2 Horas<br \/><strong>Local:<\/strong> Praia de Santo Ant\u00f3nio - Costa da Caparica<\/p>\n<\/div><\/div>\n\n<div class=\"et_pb_text_2 et_pb_text et_pb_bg_layout_light et_pb_module et_block_module\"><div class=\"et_pb_text_inner\"><h2>Surfa com um amigo nas nossas aulas de surf semi-privadas em Lisboa!<\/h2>\n<\/div><\/div>\n\n<div class=\"et_pb_text_3 et_pb_text et_pb_bg_layout_light et_pb_module et_block_module\"><div class=\"et_pb_text_inner\"><p>As nossas aulas semi-privadas permitem que os nossos instrutores trabalhem de perto com o teu pequeno grupo. Melhora a tua t\u00e9cnica e recebe mais instru\u00e7\u00f5es sobre surf mais avan\u00e7ado, incluindo a sele\u00e7\u00e3o de ondas e praias, melhorando as tuas curvas, escolhendo a prancha e o equipamento certos, fitness e alongamentos para surfar. O objetivo \u00e9 divertires-te e ganhares confian\u00e7a.  <\/p>\n<p>As fam\u00edlias que surfam juntas normalmente adoram estar todas na \u00e1gua ao mesmo tempo, tanto adultos como crian\u00e7as. Vem melhorar as tuas capacidades de surf com a tua fam\u00edlia ou amigos! <\/p>\n<p><strong>Porqu\u00ea escolher aulas de surf semi-privadas?<\/strong><\/p>\n<ul>\n<li><strong>Instru\u00e7\u00e3o personalizada para grupos pequenos:<\/strong> Com apenas dois a tr\u00eas alunos por instrutor, receber\u00e1s mais aten\u00e7\u00e3o individual do que numa aula de grupo maior, beneficiando ao mesmo tempo da divers\u00e3o e energia de aprender com outros.<\/li>\n<li><strong>Perfeito para amigos ou casais:<\/strong> Ideal para pares ou pequenos grupos que queiram partilhar a experi\u00eancia do surf sem a distra\u00e7\u00e3o de um grupo maior.<\/li>\n<li><strong>Curva de aprendizagem mais r\u00e1pida:<\/strong> Com um grupo mais pequeno, receber\u00e1s um feedback mais direto, o que te ajudar\u00e1 a melhorar rapidamente e a ganhar confian\u00e7a na \u00e1gua.<\/li>\n<li><strong>Ideal para todos os n\u00edveis de habilidade:<\/strong> Quer sejas um principiante a querer come\u00e7ar ou um surfista interm\u00e9dio a querer aperfei\u00e7oar as tuas capacidades, as aulas semi-privadas s\u00e3o perfeitas para uma variedade de n\u00edveis.<\/li>\n<\/ul>\n<p>Surfar com amigos ou entes queridos torna a experi\u00eancia ainda mais especial! Reserva j\u00e1 a tua <strong>Aula de Surf Semi-Privada<\/strong> em Lisboa e apanha as ondas em conjunto! <\/p>\n<\/div><\/div>\n\n<div class=\"et_pb_text_4 et_pb_text et_pb_bg_layout_light et_pb_module et_block_module\"><div class=\"et_pb_text_inner\"><p><strong>Fins-de-semana<\/strong><\/p>\n<p>Funcionamos nos fins-de-semana durante todo o ano!<\/p>\n<\/div><\/div>\n\n<div class=\"et_pb_text_5 et_pb_text et_pb_bg_layout_light et_pb_module et_block_module\"><div class=\"et_pb_text_inner\"><p><strong>Dias \u00fateis<\/strong><\/p>\n<p>Precisamos de um m\u00ednimo de dois alunos para dar aulas de surf semi-privadas a meio da semana. Contacta-nos para obteres informa\u00e7\u00f5es sobre a pr\u00f3xima sess\u00e3o, ou junta os teus amigos para uma sess\u00e3o de grupo antes de pagares online! <\/p>\n<\/div><\/div>\n\n<div class=\"et_pb_text_6 et_pb_text et_pb_bg_layout_light et_pb_module et_block_module\"><div class=\"et_pb_text_inner\"><p><strong>O que deves trazer<\/strong><\/p>\n<p><strong><\/strong><\/p>\n<ul>\n<li>fatos de banho<\/li>\n<li>toalha<\/li>\n<li>protetor solar<\/li>\n<li>\u00e1gua<\/li>\n<li>atitude positiva!<\/li>\n<\/ul>\n<\/div><\/div>\n\n<div class=\"et_pb_text_7 et_pb_text et_pb_bg_layout_light et_pb_module et_block_module\"><div class=\"et_pb_text_inner\"><p><strong>O que \u00e9 fornecido<\/strong><\/p>\n<p>Todo o equipamento est\u00e1 inclu\u00eddo no pre\u00e7o da aula:<\/p>\n<ul>\n<li>prancha de surf<\/li>\n<li>fato de surf<\/li>\n<li>leash<\/li>\n<li>seguro<\/li>\n<li>treinador de surf certificado.<\/li>\n<\/ul>\n<\/div><\/div>\n\n<ul class=\"et_pb_social_media_follow_0 et_pb_social_media_follow et_pb_bg_layout_light et_pb_module et_flex_module\">\n<li class=\"et_pb_social_media_follow_network_0 et_pb_social_media_follow_network et_pb_social_icon et_pb_social_network_link et-social-facebook et_pb_module et_flex_module\"><a href=\"https:\/\/www.facebook.com\/Surfinglisbon-116085856606199\" class=\"icon\" target=\"_self\" title=\"Follow on Facebook\" rel=\"noopener\"><span class=\"et_pb_social_media_follow_network_name\">Segue<\/span><\/a><\/li>\n\n<li class=\"et_pb_social_media_follow_network_1 et_pb_social_media_follow_network et_pb_social_icon et_pb_social_network_link et-social-instagram et_pb_module et_flex_module\"><a href=\"https:\/\/www.instagram.com\/surfinglisbon\/\" class=\"icon\" target=\"_self\" title=\"Follow on Instagram\" rel=\"noopener\"><span class=\"et_pb_social_media_follow_network_name\">Segue<\/span><\/a><\/li>\n<\/ul>\n<\/div>\n\n<div class=\"et_pb_column_1 et_pb_column et_pb_column_2_5 et-last-child et_block_column et_pb_css_mix_blend_mode_passthrough\" id=\"sticky\">\n<div class=\"et_pb_image_0 et_pb_image et_pb_module et_block_module\"><span class=\"et_pb_image_wrap\"><img loading=\"lazy\" decoding=\"async\" src=\"https:\/\/surfinglisbon.com\/wp-content\/uploads\/2023\/12\/surfing-lisbon-semi-private-surfing-lessons.jpg\" width=\"800\" height=\"600\" srcset=\"https:\/\/surfinglisbon.com\/wp-content\/uploads\/2023\/12\/surfing-lisbon-semi-private-surfing-lessons.jpg 800w, https:\/\/surfinglisbon.com\/wp-content\/uploads\/2023\/12\/surfing-lisbon-semi-private-surfing-lessons-480x360.jpg 480w\" sizes=\"(min-width: 0px) and (max-width: 480px) 480px, (min-width: 481px) 800px, 100vw\" class=\"wp-image-239302\" title=\"surf-lisboa-semi-privado-surfing-lessons\" alt=\"aulas de surf semi-privadas\" \/><\/span><\/div>\n\n<div class=\"et_pb_text_8 et_pb_text et_pb_bg_layout_light et_pb_module et_block_module\"><div class=\"et_pb_text_inner\"><h3>Pre\u00e7o<\/h3>\n<h3>90\u20ac\/ 2 pessoas<\/h3>\n<p>Equipamento inclu\u00eddo<\/p>\n<\/div><\/div>\n\n<div class=\"et_pb_code_0 et_pb_code et_pb_text_align_center et_pb_module\"><div class=\"et_pb_code_inner\"><!-- FareHarbor book button for item #149536 -->\n<a href=\"https:\/\/fareharbor.com\/embeds\/book\/geckosurfschool\/items\/149536\/?full-items=yes&amp;flow=182583\">RESERVA AGORA<\/a><\/div><\/div>\n\n<div class=\"et_pb_divider_0 et_pb_divider_hidden et_pb_space et_pb_divider_position_top et_pb_module\"><div class=\"et_pb_divider_internal\"><\/div><\/div>\n<\/div>\n<\/div>\n<\/div>","protected":false},"excerpt":{"rendered":"","protected":false},"author":1,"featured_media":0,"parent":0,"menu_order":0,"comment_status":"closed","ping_status":"closed","template":"","meta":{"footnotes":""},"class_list":["post-239844","page","type-page","status-publish","hentry"],"yoast_head":"<!-- This site is optimized with the Yoast SEO plugin v27.3 - https:\/\/yoast.com\/product\/yoast-seo-wordpress\/ -->\n<title>Aulas Semi-Privadas | Lisboa | Surfinglisbon.com<\/title>\n<meta name=\"description\" content=\"Aulas de surf semi-privadas em Lisboa, melhora a tua t\u00e9cnica e recebe mais instru\u00e7\u00f5es com as nossas aulas em pequenos grupos. Marca a tua aula!\" \/>\n<meta name=\"robots\" content=\"index, follow, max-snippet:-1, max-image-preview:large, max-video-preview:-1\" \/>\n<link rel=\"canonical\" href=\"https:\/\/surfinglisbon.com\/pt-pt\/aulas-semi-privadas\/\" \/>\n<meta property=\"og:locale\" content=\"pt_PT\" \/>\n<meta property=\"og:type\" content=\"article\" \/>\n<meta property=\"og:title\" content=\"Aulas Semi-Privadas | Lisboa | Surfinglisbon.com\" \/>\n<meta property=\"og:description\" content=\"Aulas de surf semi-privadas em Lisboa, melhora a tua t\u00e9cnica e recebe mais instru\u00e7\u00f5es com as nossas aulas em pequenos grupos. Marca a tua aula!\" \/>\n<meta property=\"og:url\" content=\"https:\/\/surfinglisbon.com\/pt-pt\/aulas-semi-privadas\/\" \/>\n<meta property=\"og:site_name\" content=\"Surfing Lisbon\" \/>\n<meta property=\"article:publisher\" content=\"https:\/\/www.facebook.com\/profile.php?id=100065114705610\" \/>\n<meta property=\"article:modified_time\" content=\"2025-12-26T16:32:45+00:00\" \/>\n<meta name=\"twitter:card\" content=\"summary_large_image\" \/>\n<script type=\"application\/ld+json\" class=\"yoast-schema-graph\">{\"@context\":\"https:\\\/\\\/schema.org\",\"@graph\":[{\"@type\":\"WebPage\",\"@id\":\"https:\\\/\\\/surfinglisbon.com\\\/pt-pt\\\/aulas-semi-privadas\\\/\",\"url\":\"https:\\\/\\\/surfinglisbon.com\\\/pt-pt\\\/aulas-semi-privadas\\\/\",\"name\":\"Aulas Semi-Privadas | Lisboa | Surfinglisbon.com\",\"isPartOf\":{\"@id\":\"https:\\\/\\\/surfinglisbon.com\\\/pt-pt\\\/#website\"},\"datePublished\":\"2020-10-20T09:47:55+00:00\",\"dateModified\":\"2025-12-26T16:32:45+00:00\",\"description\":\"Aulas de surf semi-privadas em Lisboa, melhora a tua t\u00e9cnica e recebe mais instru\u00e7\u00f5es com as nossas aulas em pequenos grupos. Marca a tua aula!\",\"breadcrumb\":{\"@id\":\"https:\\\/\\\/surfinglisbon.com\\\/pt-pt\\\/aulas-semi-privadas\\\/#breadcrumb\"},\"inLanguage\":\"pt-PT\",\"potentialAction\":[{\"@type\":\"ReadAction\",\"target\":[\"https:\\\/\\\/surfinglisbon.com\\\/pt-pt\\\/aulas-semi-privadas\\\/\"]}]},{\"@type\":\"BreadcrumbList\",\"@id\":\"https:\\\/\\\/surfinglisbon.com\\\/pt-pt\\\/aulas-semi-privadas\\\/#breadcrumb\",\"itemListElement\":[{\"@type\":\"ListItem\",\"position\":1,\"name\":\"Home\",\"item\":\"https:\\\/\\\/surfinglisbon.com\\\/pt-pt\\\/\"},{\"@type\":\"ListItem\",\"position\":2,\"name\":\"Aulas Semi-Privadas\"}]},{\"@type\":\"WebSite\",\"@id\":\"https:\\\/\\\/surfinglisbon.com\\\/pt-pt\\\/#website\",\"url\":\"https:\\\/\\\/surfinglisbon.com\\\/pt-pt\\\/\",\"name\":\"Surfing Lisbon\",\"description\":\"Surf Lessons in Lisbon\",\"publisher\":{\"@id\":\"https:\\\/\\\/surfinglisbon.com\\\/pt-pt\\\/#organization\"},\"potentialAction\":[{\"@type\":\"SearchAction\",\"target\":{\"@type\":\"EntryPoint\",\"urlTemplate\":\"https:\\\/\\\/surfinglisbon.com\\\/pt-pt\\\/?s={search_term_string}\"},\"query-input\":{\"@type\":\"PropertyValueSpecification\",\"valueRequired\":true,\"valueName\":\"search_term_string\"}}],\"inLanguage\":\"pt-PT\"},{\"@type\":\"Organization\",\"@id\":\"https:\\\/\\\/surfinglisbon.com\\\/pt-pt\\\/#organization\",\"name\":\"Surfar em Lisboa\",\"url\":\"https:\\\/\\\/surfinglisbon.com\\\/pt-pt\\\/\",\"logo\":{\"@type\":\"ImageObject\",\"inLanguage\":\"pt-PT\",\"@id\":\"https:\\\/\\\/surfinglisbon.com\\\/pt-pt\\\/#\\\/schema\\\/logo\\\/image\\\/\",\"url\":\"https:\\\/\\\/surfinglisbon.com\\\/wp-content\\\/uploads\\\/2024\\\/12\\\/cropped-android-chrome-512x512-1.png\",\"contentUrl\":\"https:\\\/\\\/surfinglisbon.com\\\/wp-content\\\/uploads\\\/2024\\\/12\\\/cropped-android-chrome-512x512-1.png\",\"width\":512,\"height\":512,\"caption\":\"Surfar em Lisboa\"},\"image\":{\"@id\":\"https:\\\/\\\/surfinglisbon.com\\\/pt-pt\\\/#\\\/schema\\\/logo\\\/image\\\/\"},\"sameAs\":[\"https:\\\/\\\/www.facebook.com\\\/profile.php?id=100065114705610\",\"https:\\\/\\\/www.instagram.com\\\/surfinglisbon\"]}]}<\/script>\n<!-- \/ Yoast SEO plugin. -->","yoast_head_json":{"title":"Aulas Semi-Privadas | Lisboa | Surfinglisbon.com","description":"Aulas de surf semi-privadas em Lisboa, melhora a tua t\u00e9cnica e recebe mais instru\u00e7\u00f5es com as nossas aulas em pequenos grupos. Marca a tua aula!","robots":{"index":"index","follow":"follow","max-snippet":"max-snippet:-1","max-image-preview":"max-image-preview:large","max-video-preview":"max-video-preview:-1"},"canonical":"https:\/\/surfinglisbon.com\/pt-pt\/aulas-semi-privadas\/","og_locale":"pt_PT","og_type":"article","og_title":"Aulas Semi-Privadas | Lisboa | Surfinglisbon.com","og_description":"Aulas de surf semi-privadas em Lisboa, melhora a tua t\u00e9cnica e recebe mais instru\u00e7\u00f5es com as nossas aulas em pequenos grupos. Marca a tua aula!","og_url":"https:\/\/surfinglisbon.com\/pt-pt\/aulas-semi-privadas\/","og_site_name":"Surfing Lisbon","article_publisher":"https:\/\/www.facebook.com\/profile.php?id=100065114705610","article_modified_time":"2025-12-26T16:32:45+00:00","twitter_card":"summary_large_image","schema":{"@context":"https:\/\/schema.org","@graph":[{"@type":"WebPage","@id":"https:\/\/surfinglisbon.com\/pt-pt\/aulas-semi-privadas\/","url":"https:\/\/surfinglisbon.com\/pt-pt\/aulas-semi-privadas\/","name":"Aulas Semi-Privadas | Lisboa | Surfinglisbon.com","isPartOf":{"@id":"https:\/\/surfinglisbon.com\/pt-pt\/#website"},"datePublished":"2020-10-20T09:47:55+00:00","dateModified":"2025-12-26T16:32:45+00:00","description":"Aulas de surf semi-privadas em Lisboa, melhora a tua t\u00e9cnica e recebe mais instru\u00e7\u00f5es com as nossas aulas em pequenos grupos. Marca a tua aula!","breadcrumb":{"@id":"https:\/\/surfinglisbon.com\/pt-pt\/aulas-semi-privadas\/#breadcrumb"},"inLanguage":"pt-PT","potentialAction":[{"@type":"ReadAction","target":["https:\/\/surfinglisbon.com\/pt-pt\/aulas-semi-privadas\/"]}]},{"@type":"BreadcrumbList","@id":"https:\/\/surfinglisbon.com\/pt-pt\/aulas-semi-privadas\/#breadcrumb","itemListElement":[{"@type":"ListItem","position":1,"name":"Home","item":"https:\/\/surfinglisbon.com\/pt-pt\/"},{"@type":"ListItem","position":2,"name":"Aulas Semi-Privadas"}]},{"@type":"WebSite","@id":"https:\/\/surfinglisbon.com\/pt-pt\/#website","url":"https:\/\/surfinglisbon.com\/pt-pt\/","name":"Surfing Lisbon","description":"Surf Lessons in Lisbon","publisher":{"@id":"https:\/\/surfinglisbon.com\/pt-pt\/#organization"},"potentialAction":[{"@type":"SearchAction","target":{"@type":"EntryPoint","urlTemplate":"https:\/\/surfinglisbon.com\/pt-pt\/?s={search_term_string}"},"query-input":{"@type":"PropertyValueSpecification","valueRequired":true,"valueName":"search_term_string"}}],"inLanguage":"pt-PT"},{"@type":"Organization","@id":"https:\/\/surfinglisbon.com\/pt-pt\/#organization","name":"Surfar em Lisboa","url":"https:\/\/surfinglisbon.com\/pt-pt\/","logo":{"@type":"ImageObject","inLanguage":"pt-PT","@id":"https:\/\/surfinglisbon.com\/pt-pt\/#\/schema\/logo\/image\/","url":"https:\/\/surfinglisbon.com\/wp-content\/uploads\/2024\/12\/cropped-android-chrome-512x512-1.png","contentUrl":"https:\/\/surfinglisbon.com\/wp-content\/uploads\/2024\/12\/cropped-android-chrome-512x512-1.png","width":512,"height":512,"caption":"Surfar em Lisboa"},"image":{"@id":"https:\/\/surfinglisbon.com\/pt-pt\/#\/schema\/logo\/image\/"},"sameAs":["https:\/\/www.facebook.com\/profile.php?id=100065114705610","https:\/\/www.instagram.com\/surfinglisbon"]}]}},"_links":{"self":[{"href":"https:\/\/surfinglisbon.com\/pt-pt\/wp-json\/wp\/v2\/pages\/239844","targetHints":{"allow":["GET"]}}],"collection":[{"href":"https:\/\/surfinglisbon.com\/pt-pt\/wp-json\/wp\/v2\/pages"}],"about":[{"href":"https:\/\/surfinglisbon.com\/pt-pt\/wp-json\/wp\/v2\/types\/page"}],"author":[{"embeddable":true,"href":"https:\/\/surfinglisbon.com\/pt-pt\/wp-json\/wp\/v2\/users\/1"}],"replies":[{"embeddable":true,"href":"https:\/\/surfinglisbon.com\/pt-pt\/wp-json\/wp\/v2\/comments?post=239844"}],"version-history":[{"count":1,"href":"https:\/\/surfinglisbon.com\/pt-pt\/wp-json\/wp\/v2\/pages\/239844\/revisions"}],"predecessor-version":[{"id":239959,"href":"https:\/\/surfinglisbon.com\/pt-pt\/wp-json\/wp\/v2\/pages\/239844\/revisions\/239959"}],"wp:attachment":[{"href":"https:\/\/surfinglisbon.com\/pt-pt\/wp-json\/wp\/v2\/media?parent=239844"}],"curies":[{"name":"wp","href":"https:\/\/api.w.org\/{rel}","templated":true}]}}