{"id":239852,"date":"2020-10-20T09:45:57","date_gmt":"2020-10-20T09:45:57","guid":{"rendered":"https:\/\/surfinglisbon.com\/aulas-de-grupo\/"},"modified":"2025-12-26T16:36:16","modified_gmt":"2025-12-26T16:36:16","slug":"aulas-de-grupo","status":"publish","type":"page","link":"https:\/\/surfinglisbon.com\/pt-pt\/aulas-de-grupo\/","title":{"rendered":"Aulas de grupo"},"content":{"rendered":"<div class=\"et_pb_section_0 et_pb_section et_section_regular et_block_section\">\n<div class=\"et_pb_row_0 et_pb_row et_block_row\">\n<div class=\"et_pb_column_0 et_pb_column et_pb_column_3_5 et_block_column et_pb_css_mix_blend_mode_passthrough\">\n<div class=\"et_pb_text_0 et_pb_text et_pb_bg_layout_light et_pb_module et_block_module\"><div class=\"et_pb_text_inner\"><h1>Aulas de surf em grupo<\/h1>\n<\/div><\/div>\n\n<div class=\"et_pb_text_1 et_pb_text et_pb_bg_layout_light et_pb_module et_block_module\"><div class=\"et_pb_text_inner\"><p><strong>INFORMA\u00c7\u00d5ES R\u00c1PIDAS<\/strong><\/p>\n<p><strong>Idade:<\/strong> Adultos, crian\u00e7as (8+ anos)<br \/><strong>Dura\u00e7\u00e3o:<\/strong> 2 horas<br \/><strong>Hor\u00e1rio:<\/strong> 10:30 e 12:30 (o hor\u00e1rio pode mudar diariamente de acordo com as condi\u00e7\u00f5es da mar\u00e9 e ondula\u00e7\u00e3o)<br \/><strong>Local:<\/strong> Costa da Caparica<br \/><strong>N\u00edvel:<\/strong> Principiante, Interm\u00e9dio<\/p>\n<\/div><\/div>\n\n<div class=\"et_pb_text_2 et_pb_text et_pb_bg_layout_light et_pb_module et_block_module\"><div class=\"et_pb_text_inner\"><h2><strong>O que trazer para as tuas aulas de surf em grupo<\/strong><\/h2>\n<p>S\u00f3 precisas do teu fato de banho, de uma toalha, de protetor solar, de \u00e1gua e de uma atitude positiva!<\/p>\n<\/div><\/div>\n\n<div class=\"et_pb_text_3 et_pb_text et_pb_bg_layout_light et_pb_module et_block_module\"><div class=\"et_pb_text_inner\"><p>Queres levar as tuas habilidades de surf para o pr\u00f3ximo n\u00edvel? Junta-te \u00e0s nossas aulas de surf em grupo para principiantes e experimenta a emo\u00e7\u00e3o de surfar as ondas com os teus amigos e a tua fam\u00edlia. A nossa atmosfera divertida e solid\u00e1ria ir\u00e1 garantir que aprendes as bases do surf de uma forma segura e agrad\u00e1vel. Prepara-te para criar mem\u00f3rias inesquec\u00edveis com a Surfing Lisbon!   <\/p>\n<\/div><\/div>\n\n<div class=\"et_pb_text_4 et_pb_text et_pb_bg_layout_light et_pb_module et_block_module\"><div class=\"et_pb_text_inner\"><p>Aprender a ler uma onda \u00e9 uma parte essencial da aula de surf. Ensinar-te-emos a procurar os sinais de um set que se aproxima, a observar os sinais de um potencial tubo e, finalmente, a preparar-te para as melhores condi\u00e7\u00f5es para apanhares uma onda verde. Com estes conhecimentos e compet\u00eancias, estar\u00e1s a apanhar ondas num instante! Para aqueles que querem aulas particulares, tamb\u00e9m oferecemos aulas particulares de surf. Queres levar as tuas habilidades de surf para o pr\u00f3ximo n\u00edvel? Junta-te \u00e0s nossas aulas de surf em grupo para principiantes e experimenta a emo\u00e7\u00e3o de surfar as ondas com os teus amigos e fam\u00edlia. O nosso ambiente divertido e solid\u00e1rio ir\u00e1 garantir que aprendes as bases do surf de uma forma segura e agrad\u00e1vel. Prepara-te para criar mem\u00f3rias inesquec\u00edveis com a Surfing Lisbon!       <\/p>\n<\/div><\/div>\n\n<div class=\"et_pb_text_5 et_pb_text et_pb_bg_layout_light et_pb_module et_block_module\"><div class=\"et_pb_text_inner\"><p><strong>O que \u00e9 fornecido<\/strong><\/p>\n<p>Todo o equipamento est\u00e1 inclu\u00eddo no pre\u00e7o da aula:<\/p>\n<ul>\n<li>prancha de surf<\/li>\n<li>fato de surf<\/li>\n<li>leash<\/li>\n<li>seguro<\/li>\n<\/ul>\n<\/div><\/div>\n\n<ul class=\"et_pb_social_media_follow_0 et_pb_social_media_follow clearfix et_pb_bg_layout_light et_pb_module et_block_module\">\n<li class=\"et_pb_social_media_follow_network_0 et_pb_social_media_follow_network et_pb_social_icon et_pb_social_network_link et-social-facebook et_pb_module et_flex_module\"><a href=\"https:\/\/www.facebook.com\/Surfinglisbon-116085856606199\" class=\"icon\" target=\"_self\" title=\"Follow on Facebook\" rel=\"noopener\"><span class=\"et_pb_social_media_follow_network_name\">Segue<\/span><\/a><\/li>\n\n<li class=\"et_pb_social_media_follow_network_1 et_pb_social_media_follow_network et_pb_social_icon et_pb_social_network_link et-social-instagram et_pb_module et_flex_module\"><a href=\"https:\/\/www.instagram.com\/surfinglisbon\/\" class=\"icon\" target=\"_self\" title=\"Follow on Instagram\" rel=\"noopener\"><span class=\"et_pb_social_media_follow_network_name\">Segue<\/span><\/a><\/li>\n<\/ul>\n<\/div>\n\n<div class=\"et_pb_column_1 et_pb_column et_pb_column_2_5 et-last-child et_block_column et_pb_css_mix_blend_mode_passthrough\">\n<div class=\"et_pb_image_0 et_pb_image et_pb_module et_block_module\"><span class=\"et_pb_image_wrap\"><img loading=\"lazy\" decoding=\"async\" src=\"https:\/\/surfinglisbon.com\/wp-content\/uploads\/2023\/12\/surfing-lisbon-group-lessons.jpg\" width=\"800\" height=\"600\" srcset=\"https:\/\/surfinglisbon.com\/wp-content\/uploads\/2023\/12\/surfing-lisbon-group-lessons.jpg 800w, https:\/\/surfinglisbon.com\/wp-content\/uploads\/2023\/12\/surfing-lisbon-group-lessons-480x360.jpg 480w\" sizes=\"(min-width: 0px) and (max-width: 480px) 480px, (min-width: 481px) 800px, 100vw\" class=\"wp-image-239289\" title=\"aulas de grupo de surf em lisboa\" alt=\"aulas de surf em grupo\" \/><\/span><\/div>\n\n<div class=\"et_pb_text_6 et_pb_text et_pb_bg_layout_light et_pb_module et_block_module\"><div class=\"et_pb_text_inner\"><h3>Pre\u00e7o<\/h3>\n<h3>30\u20ac\/pessoa<\/h3>\n<p>Equipamento inclu\u00eddo<\/p>\n<\/div><\/div>\n\n<div class=\"et_pb_code_0 et_pb_code et_pb_text_align_center et_pb_module\"><div class=\"et_pb_code_inner\"><!-- FareHarbor book button for item #149532 -->\n<a href=\"https:\/\/fareharbor.com\/embeds\/book\/geckosurfschool\/items\/149532\/?full-items=yes&amp;flow=182583\">RESERVA ONLINE<\/a><\/div><\/div>\n\n<div class=\"et_pb_divider_0 et_pb_divider_hidden et_pb_space et_pb_divider_position_top et_pb_module\"><div class=\"et_pb_divider_internal\"><\/div><\/div>\n<\/div>\n<\/div>\n<\/div>","protected":false},"excerpt":{"rendered":"","protected":false},"author":1,"featured_media":0,"parent":0,"menu_order":0,"comment_status":"closed","ping_status":"closed","template":"","meta":{"footnotes":""},"class_list":["post-239852","page","type-page","status-publish","hentry"],"yoast_head":"<!-- This site is optimized with the Yoast SEO plugin v27.3 - https:\/\/yoast.com\/product\/yoast-seo-wordpress\/ -->\n<title>Aulas de grupo para principiantes em Lisboa<\/title>\n<meta name=\"description\" content=\"As aulas de surf em grupo come\u00e7am juntas nas ondas. Aprende o b\u00e1sico numa atmosfera divertida e solid\u00e1ria com os teus amigos e fam\u00edlia.\" \/>\n<meta name=\"robots\" content=\"index, follow, max-snippet:-1, max-image-preview:large, max-video-preview:-1\" \/>\n<link rel=\"canonical\" href=\"https:\/\/surfinglisbon.com\/pt-pt\/aulas-de-grupo\/\" \/>\n<meta property=\"og:locale\" content=\"pt_PT\" \/>\n<meta property=\"og:type\" content=\"article\" \/>\n<meta property=\"og:title\" content=\"Aulas de grupo para principiantes em Lisboa\" \/>\n<meta property=\"og:description\" content=\"As aulas de surf em grupo come\u00e7am juntas nas ondas. Aprende o b\u00e1sico numa atmosfera divertida e solid\u00e1ria com os teus amigos e fam\u00edlia.\" \/>\n<meta property=\"og:url\" content=\"https:\/\/surfinglisbon.com\/pt-pt\/aulas-de-grupo\/\" \/>\n<meta property=\"og:site_name\" content=\"Surfing Lisbon\" \/>\n<meta property=\"article:publisher\" content=\"https:\/\/www.facebook.com\/profile.php?id=100065114705610\" \/>\n<meta property=\"article:modified_time\" content=\"2025-12-26T16:36:16+00:00\" \/>\n<meta name=\"twitter:card\" content=\"summary_large_image\" \/>\n<script type=\"application\/ld+json\" class=\"yoast-schema-graph\">{\"@context\":\"https:\\\/\\\/schema.org\",\"@graph\":[{\"@type\":\"WebPage\",\"@id\":\"https:\\\/\\\/surfinglisbon.com\\\/pt-pt\\\/aulas-de-grupo\\\/\",\"url\":\"https:\\\/\\\/surfinglisbon.com\\\/pt-pt\\\/aulas-de-grupo\\\/\",\"name\":\"Aulas de grupo para principiantes em Lisboa\",\"isPartOf\":{\"@id\":\"https:\\\/\\\/surfinglisbon.com\\\/pt-pt\\\/#website\"},\"datePublished\":\"2020-10-20T09:45:57+00:00\",\"dateModified\":\"2025-12-26T16:36:16+00:00\",\"description\":\"As aulas de surf em grupo come\u00e7am juntas nas ondas. Aprende o b\u00e1sico numa atmosfera divertida e solid\u00e1ria com os teus amigos e fam\u00edlia.\",\"breadcrumb\":{\"@id\":\"https:\\\/\\\/surfinglisbon.com\\\/pt-pt\\\/aulas-de-grupo\\\/#breadcrumb\"},\"inLanguage\":\"pt-PT\",\"potentialAction\":[{\"@type\":\"ReadAction\",\"target\":[\"https:\\\/\\\/surfinglisbon.com\\\/pt-pt\\\/aulas-de-grupo\\\/\"]}]},{\"@type\":\"BreadcrumbList\",\"@id\":\"https:\\\/\\\/surfinglisbon.com\\\/pt-pt\\\/aulas-de-grupo\\\/#breadcrumb\",\"itemListElement\":[{\"@type\":\"ListItem\",\"position\":1,\"name\":\"Home\",\"item\":\"https:\\\/\\\/surfinglisbon.com\\\/pt-pt\\\/\"},{\"@type\":\"ListItem\",\"position\":2,\"name\":\"Aulas de grupo\"}]},{\"@type\":\"WebSite\",\"@id\":\"https:\\\/\\\/surfinglisbon.com\\\/pt-pt\\\/#website\",\"url\":\"https:\\\/\\\/surfinglisbon.com\\\/pt-pt\\\/\",\"name\":\"Surfing Lisbon\",\"description\":\"Surf Lessons in Lisbon\",\"publisher\":{\"@id\":\"https:\\\/\\\/surfinglisbon.com\\\/pt-pt\\\/#organization\"},\"potentialAction\":[{\"@type\":\"SearchAction\",\"target\":{\"@type\":\"EntryPoint\",\"urlTemplate\":\"https:\\\/\\\/surfinglisbon.com\\\/pt-pt\\\/?s={search_term_string}\"},\"query-input\":{\"@type\":\"PropertyValueSpecification\",\"valueRequired\":true,\"valueName\":\"search_term_string\"}}],\"inLanguage\":\"pt-PT\"},{\"@type\":\"Organization\",\"@id\":\"https:\\\/\\\/surfinglisbon.com\\\/pt-pt\\\/#organization\",\"name\":\"Surfar em Lisboa\",\"url\":\"https:\\\/\\\/surfinglisbon.com\\\/pt-pt\\\/\",\"logo\":{\"@type\":\"ImageObject\",\"inLanguage\":\"pt-PT\",\"@id\":\"https:\\\/\\\/surfinglisbon.com\\\/pt-pt\\\/#\\\/schema\\\/logo\\\/image\\\/\",\"url\":\"https:\\\/\\\/surfinglisbon.com\\\/wp-content\\\/uploads\\\/2024\\\/12\\\/cropped-android-chrome-512x512-1.png\",\"contentUrl\":\"https:\\\/\\\/surfinglisbon.com\\\/wp-content\\\/uploads\\\/2024\\\/12\\\/cropped-android-chrome-512x512-1.png\",\"width\":512,\"height\":512,\"caption\":\"Surfar em Lisboa\"},\"image\":{\"@id\":\"https:\\\/\\\/surfinglisbon.com\\\/pt-pt\\\/#\\\/schema\\\/logo\\\/image\\\/\"},\"sameAs\":[\"https:\\\/\\\/www.facebook.com\\\/profile.php?id=100065114705610\",\"https:\\\/\\\/www.instagram.com\\\/surfinglisbon\"]}]}<\/script>\n<!-- \/ Yoast SEO plugin. -->","yoast_head_json":{"title":"Aulas de grupo para principiantes em Lisboa","description":"As aulas de surf em grupo come\u00e7am juntas nas ondas. Aprende o b\u00e1sico numa atmosfera divertida e solid\u00e1ria com os teus amigos e fam\u00edlia.","robots":{"index":"index","follow":"follow","max-snippet":"max-snippet:-1","max-image-preview":"max-image-preview:large","max-video-preview":"max-video-preview:-1"},"canonical":"https:\/\/surfinglisbon.com\/pt-pt\/aulas-de-grupo\/","og_locale":"pt_PT","og_type":"article","og_title":"Aulas de grupo para principiantes em Lisboa","og_description":"As aulas de surf em grupo come\u00e7am juntas nas ondas. Aprende o b\u00e1sico numa atmosfera divertida e solid\u00e1ria com os teus amigos e fam\u00edlia.","og_url":"https:\/\/surfinglisbon.com\/pt-pt\/aulas-de-grupo\/","og_site_name":"Surfing Lisbon","article_publisher":"https:\/\/www.facebook.com\/profile.php?id=100065114705610","article_modified_time":"2025-12-26T16:36:16+00:00","twitter_card":"summary_large_image","schema":{"@context":"https:\/\/schema.org","@graph":[{"@type":"WebPage","@id":"https:\/\/surfinglisbon.com\/pt-pt\/aulas-de-grupo\/","url":"https:\/\/surfinglisbon.com\/pt-pt\/aulas-de-grupo\/","name":"Aulas de grupo para principiantes em Lisboa","isPartOf":{"@id":"https:\/\/surfinglisbon.com\/pt-pt\/#website"},"datePublished":"2020-10-20T09:45:57+00:00","dateModified":"2025-12-26T16:36:16+00:00","description":"As aulas de surf em grupo come\u00e7am juntas nas ondas. Aprende o b\u00e1sico numa atmosfera divertida e solid\u00e1ria com os teus amigos e fam\u00edlia.","breadcrumb":{"@id":"https:\/\/surfinglisbon.com\/pt-pt\/aulas-de-grupo\/#breadcrumb"},"inLanguage":"pt-PT","potentialAction":[{"@type":"ReadAction","target":["https:\/\/surfinglisbon.com\/pt-pt\/aulas-de-grupo\/"]}]},{"@type":"BreadcrumbList","@id":"https:\/\/surfinglisbon.com\/pt-pt\/aulas-de-grupo\/#breadcrumb","itemListElement":[{"@type":"ListItem","position":1,"name":"Home","item":"https:\/\/surfinglisbon.com\/pt-pt\/"},{"@type":"ListItem","position":2,"name":"Aulas de grupo"}]},{"@type":"WebSite","@id":"https:\/\/surfinglisbon.com\/pt-pt\/#website","url":"https:\/\/surfinglisbon.com\/pt-pt\/","name":"Surfing Lisbon","description":"Surf Lessons in Lisbon","publisher":{"@id":"https:\/\/surfinglisbon.com\/pt-pt\/#organization"},"potentialAction":[{"@type":"SearchAction","target":{"@type":"EntryPoint","urlTemplate":"https:\/\/surfinglisbon.com\/pt-pt\/?s={search_term_string}"},"query-input":{"@type":"PropertyValueSpecification","valueRequired":true,"valueName":"search_term_string"}}],"inLanguage":"pt-PT"},{"@type":"Organization","@id":"https:\/\/surfinglisbon.com\/pt-pt\/#organization","name":"Surfar em Lisboa","url":"https:\/\/surfinglisbon.com\/pt-pt\/","logo":{"@type":"ImageObject","inLanguage":"pt-PT","@id":"https:\/\/surfinglisbon.com\/pt-pt\/#\/schema\/logo\/image\/","url":"https:\/\/surfinglisbon.com\/wp-content\/uploads\/2024\/12\/cropped-android-chrome-512x512-1.png","contentUrl":"https:\/\/surfinglisbon.com\/wp-content\/uploads\/2024\/12\/cropped-android-chrome-512x512-1.png","width":512,"height":512,"caption":"Surfar em Lisboa"},"image":{"@id":"https:\/\/surfinglisbon.com\/pt-pt\/#\/schema\/logo\/image\/"},"sameAs":["https:\/\/www.facebook.com\/profile.php?id=100065114705610","https:\/\/www.instagram.com\/surfinglisbon"]}]}},"_links":{"self":[{"href":"https:\/\/surfinglisbon.com\/pt-pt\/wp-json\/wp\/v2\/pages\/239852","targetHints":{"allow":["GET"]}}],"collection":[{"href":"https:\/\/surfinglisbon.com\/pt-pt\/wp-json\/wp\/v2\/pages"}],"about":[{"href":"https:\/\/surfinglisbon.com\/pt-pt\/wp-json\/wp\/v2\/types\/page"}],"author":[{"embeddable":true,"href":"https:\/\/surfinglisbon.com\/pt-pt\/wp-json\/wp\/v2\/users\/1"}],"replies":[{"embeddable":true,"href":"https:\/\/surfinglisbon.com\/pt-pt\/wp-json\/wp\/v2\/comments?post=239852"}],"version-history":[{"count":2,"href":"https:\/\/surfinglisbon.com\/pt-pt\/wp-json\/wp\/v2\/pages\/239852\/revisions"}],"predecessor-version":[{"id":239963,"href":"https:\/\/surfinglisbon.com\/pt-pt\/wp-json\/wp\/v2\/pages\/239852\/revisions\/239963"}],"wp:attachment":[{"href":"https:\/\/surfinglisbon.com\/pt-pt\/wp-json\/wp\/v2\/media?parent=239852"}],"curies":[{"name":"wp","href":"https:\/\/api.w.org\/{rel}","templated":true}]}}