{"id":239853,"date":"2023-01-22T19:16:00","date_gmt":"2023-01-22T19:16:00","guid":{"rendered":"https:\/\/surfinglisbon.com\/aluguer-de-equipamento-de-surf\/"},"modified":"2025-12-26T17:37:31","modified_gmt":"2025-12-26T17:37:31","slug":"aluguer-surf","status":"publish","type":"page","link":"https:\/\/surfinglisbon.com\/pt-pt\/aluguer-surf\/","title":{"rendered":"Aluguer surf"},"content":{"rendered":"<div class=\"et_pb_section_0 et_pb_section et_section_regular et_flex_section\">\n<div class=\"et_pb_row_0 et_pb_row et_block_row\">\n<div class=\"et_pb_column_0 et_pb_column et_pb_column_1_2 et_block_column et_pb_css_mix_blend_mode_passthrough\">\n<div class=\"et_pb_text_0 et_pb_text et_pb_bg_layout_light et_pb_module et_block_module\"><div class=\"et_pb_text_inner\"><h1>Aluguer de Pranchas de Surf<\/h1>\n<\/div><\/div>\n\n<div class=\"et_pb_text_1 et_pb_text et_pb_bg_layout_light et_pb_module et_block_module\"><div class=\"et_pb_text_inner\"><p>Se est\u00e1s ansioso por apanhar ondas e desfrutar de algumas das deslumbrantes praias de Lisboa, ent\u00e3o o aluguer de equipamento de surf \u00e9 o caminho a seguir! Com servi\u00e7os de aluguer de confian\u00e7a na cidade, nunca foi t\u00e3o f\u00e1cil p\u00f4r as m\u00e3os em equipamento de qualidade e aproveitar ao m\u00e1ximo o teu tempo em Lisboa. Quer sejas um principiante \u00e0 procura de uma prancha de espuma est\u00e1vel ou um surfista experiente \u00e0 procura da prancha curta perfeita, temos o equipamento de surf certo para ti. N\u00e3o te esque\u00e7as, tamb\u00e9m oferecemos o aluguer de fatos de surf para te manteres confort\u00e1vel na \u00e1gua. Ent\u00e3o, porqu\u00ea esperar? Prepara-te para surfar as ondas com a Surfing Lisbon!     <\/p>\n<\/div><\/div>\n\n<div class=\"et_pb_text_2 et_pb_text et_pb_bg_layout_light et_pb_module et_block_module\"><div class=\"et_pb_text_inner\"><h2>Que equipamento de surf devo alugar?<\/h2>\n<\/div><\/div>\n\n<div class=\"et_pb_text_3 et_pb_text et_pb_bg_layout_light et_pb_module et_block_module\"><div class=\"et_pb_text_inner\"><p>Quando est\u00e1s a escolher o equipamento de surf para alugar, \u00e9 importante ter em conta o teu n\u00edvel de habilidade e o tipo de ondas em Lisboa. Para os principiantes, uma prancha de espuma \u00e9 uma \u00f3ptima escolha, pois \u00e9 est\u00e1vel e f\u00e1cil de manobrar. Se pretendes enfrentar ondas maiores, ent\u00e3o uma shortboard pode ser uma melhor op\u00e7\u00e3o. Para al\u00e9m disso, tamb\u00e9m temos fatos de surf para alugar! Com a Surfing Lisbon, podes confiar nos nossos servi\u00e7os de aluguer de confian\u00e7a para te fornecer equipamento de qualidade que ir\u00e1 melhorar a tua experi\u00eancia de surf. Quer sejas um principiante ou um surfista experiente, temos o equipamento de surf certo para ti. N\u00e3o percas a oportunidade de surfar as ondas e desfrutar das deslumbrantes praias de Lisboa. Prepara-te para uma aventura de surf inesquec\u00edvel com a Surfing Lisbon - Aulas de Surf em Lisboa!       <\/p>\n<\/div><\/div>\n\n<div class=\"et_pb_module et_pb_button_module_wrapper et_pb_button_0_wrapper\"><a class=\"et_pb_button_0 et_pb_button et_pb_bg_layout_light et_pb_module et_flex_module\" href=\"https:\/\/fareharbor.com\/embeds\/book\/\">MARCA AULAS DE SURF<\/a><\/div>\n\n<div class=\"et_pb_text_4 et_pb_text et_pb_bg_layout_light et_pb_module et_block_module\"><\/div>\n<\/div>\n\n<div class=\"et_pb_column_1 et_pb_column et_pb_column_1_2 et-last-child et_block_column et_pb_css_mix_blend_mode_passthrough\">\n<div class=\"et_pb_image_0 et_pb_image et_pb_module et_block_module\"><span class=\"et_pb_image_wrap\"><img loading=\"lazy\" decoding=\"async\" src=\"https:\/\/surfinglisbon.com\/wp-content\/uploads\/2023\/12\/surfing-lisbon-rentals.jpg\" width=\"450\" height=\"600\" srcset=\"https:\/\/surfinglisbon.com\/wp-content\/uploads\/2023\/12\/surfing-lisbon-rentals.jpg 450w, https:\/\/surfinglisbon.com\/wp-content\/uploads\/2023\/12\/surfing-lisbon-rentals-225x300.jpg 225w\" sizes=\"(max-width: 450px) 100vw, 450px\" class=\"wp-image-239308\" title=\"Pranchas de Surf\" alt=\"aluguer de pranchas de surf\" \/><\/span><\/div>\n<\/div>\n<\/div>\n<\/div>","protected":false},"excerpt":{"rendered":"","protected":false},"author":2,"featured_media":0,"parent":0,"menu_order":0,"comment_status":"closed","ping_status":"closed","template":"","meta":{"footnotes":""},"class_list":["post-239853","page","type-page","status-publish","hentry"],"yoast_head":"<!-- This site is optimized with the Yoast SEO plugin v27.3 - https:\/\/yoast.com\/product\/yoast-seo-wordpress\/ -->\n<title>Aluguer de pranchas de surf | Surfinglisbon.com<\/title>\n<meta name=\"description\" content=\"Aluguer de pranchas de surf em Lisboa perto das melhores praias. Op\u00e7\u00f5es para todos os n\u00edveis. Surf f\u00e1cil e sem complica\u00e7\u00f5es\" \/>\n<meta name=\"robots\" content=\"index, follow, max-snippet:-1, max-image-preview:large, max-video-preview:-1\" \/>\n<link rel=\"canonical\" href=\"https:\/\/surfinglisbon.com\/pt-pt\/aluguer-surf\/\" \/>\n<meta property=\"og:locale\" content=\"pt_PT\" \/>\n<meta property=\"og:type\" content=\"article\" \/>\n<meta property=\"og:title\" content=\"Aluguer de pranchas de surf | Surfinglisbon.com\" \/>\n<meta property=\"og:description\" content=\"Aluguer de pranchas de surf em Lisboa perto das melhores praias. Op\u00e7\u00f5es para todos os n\u00edveis. Surf f\u00e1cil e sem complica\u00e7\u00f5es\" \/>\n<meta property=\"og:url\" content=\"https:\/\/surfinglisbon.com\/pt-pt\/aluguer-surf\/\" \/>\n<meta property=\"og:site_name\" content=\"Surfing Lisbon\" \/>\n<meta property=\"article:publisher\" content=\"https:\/\/www.facebook.com\/profile.php?id=100065114705610\" \/>\n<meta property=\"article:modified_time\" content=\"2025-12-26T17:37:31+00:00\" \/>\n<meta name=\"twitter:card\" content=\"summary_large_image\" \/>\n<script type=\"application\/ld+json\" class=\"yoast-schema-graph\">{\"@context\":\"https:\\\/\\\/schema.org\",\"@graph\":[{\"@type\":\"WebPage\",\"@id\":\"https:\\\/\\\/surfinglisbon.com\\\/pt-pt\\\/aluguer-surf\\\/\",\"url\":\"https:\\\/\\\/surfinglisbon.com\\\/pt-pt\\\/aluguer-surf\\\/\",\"name\":\"Aluguer de pranchas de surf | Surfinglisbon.com\",\"isPartOf\":{\"@id\":\"https:\\\/\\\/surfinglisbon.com\\\/pt-pt\\\/#website\"},\"datePublished\":\"2023-01-22T19:16:00+00:00\",\"dateModified\":\"2025-12-26T17:37:31+00:00\",\"description\":\"Aluguer de pranchas de surf em Lisboa perto das melhores praias. Op\u00e7\u00f5es para todos os n\u00edveis. Surf f\u00e1cil e sem complica\u00e7\u00f5es\",\"breadcrumb\":{\"@id\":\"https:\\\/\\\/surfinglisbon.com\\\/pt-pt\\\/aluguer-surf\\\/#breadcrumb\"},\"inLanguage\":\"pt-PT\",\"potentialAction\":[{\"@type\":\"ReadAction\",\"target\":[\"https:\\\/\\\/surfinglisbon.com\\\/pt-pt\\\/aluguer-surf\\\/\"]}]},{\"@type\":\"BreadcrumbList\",\"@id\":\"https:\\\/\\\/surfinglisbon.com\\\/pt-pt\\\/aluguer-surf\\\/#breadcrumb\",\"itemListElement\":[{\"@type\":\"ListItem\",\"position\":1,\"name\":\"Home\",\"item\":\"https:\\\/\\\/surfinglisbon.com\\\/pt-pt\\\/\"},{\"@type\":\"ListItem\",\"position\":2,\"name\":\"Aluguer surf\"}]},{\"@type\":\"WebSite\",\"@id\":\"https:\\\/\\\/surfinglisbon.com\\\/pt-pt\\\/#website\",\"url\":\"https:\\\/\\\/surfinglisbon.com\\\/pt-pt\\\/\",\"name\":\"Surfing Lisbon\",\"description\":\"Surf Lessons in Lisbon\",\"publisher\":{\"@id\":\"https:\\\/\\\/surfinglisbon.com\\\/pt-pt\\\/#organization\"},\"potentialAction\":[{\"@type\":\"SearchAction\",\"target\":{\"@type\":\"EntryPoint\",\"urlTemplate\":\"https:\\\/\\\/surfinglisbon.com\\\/pt-pt\\\/?s={search_term_string}\"},\"query-input\":{\"@type\":\"PropertyValueSpecification\",\"valueRequired\":true,\"valueName\":\"search_term_string\"}}],\"inLanguage\":\"pt-PT\"},{\"@type\":\"Organization\",\"@id\":\"https:\\\/\\\/surfinglisbon.com\\\/pt-pt\\\/#organization\",\"name\":\"Surfar em Lisboa\",\"url\":\"https:\\\/\\\/surfinglisbon.com\\\/pt-pt\\\/\",\"logo\":{\"@type\":\"ImageObject\",\"inLanguage\":\"pt-PT\",\"@id\":\"https:\\\/\\\/surfinglisbon.com\\\/pt-pt\\\/#\\\/schema\\\/logo\\\/image\\\/\",\"url\":\"https:\\\/\\\/surfinglisbon.com\\\/wp-content\\\/uploads\\\/2024\\\/12\\\/cropped-android-chrome-512x512-1.png\",\"contentUrl\":\"https:\\\/\\\/surfinglisbon.com\\\/wp-content\\\/uploads\\\/2024\\\/12\\\/cropped-android-chrome-512x512-1.png\",\"width\":512,\"height\":512,\"caption\":\"Surfar em Lisboa\"},\"image\":{\"@id\":\"https:\\\/\\\/surfinglisbon.com\\\/pt-pt\\\/#\\\/schema\\\/logo\\\/image\\\/\"},\"sameAs\":[\"https:\\\/\\\/www.facebook.com\\\/profile.php?id=100065114705610\",\"https:\\\/\\\/www.instagram.com\\\/surfinglisbon\"]}]}<\/script>\n<!-- \/ Yoast SEO plugin. -->","yoast_head_json":{"title":"Aluguer de pranchas de surf | Surfinglisbon.com","description":"Aluguer de pranchas de surf em Lisboa perto das melhores praias. Op\u00e7\u00f5es para todos os n\u00edveis. Surf f\u00e1cil e sem complica\u00e7\u00f5es","robots":{"index":"index","follow":"follow","max-snippet":"max-snippet:-1","max-image-preview":"max-image-preview:large","max-video-preview":"max-video-preview:-1"},"canonical":"https:\/\/surfinglisbon.com\/pt-pt\/aluguer-surf\/","og_locale":"pt_PT","og_type":"article","og_title":"Aluguer de pranchas de surf | Surfinglisbon.com","og_description":"Aluguer de pranchas de surf em Lisboa perto das melhores praias. Op\u00e7\u00f5es para todos os n\u00edveis. Surf f\u00e1cil e sem complica\u00e7\u00f5es","og_url":"https:\/\/surfinglisbon.com\/pt-pt\/aluguer-surf\/","og_site_name":"Surfing Lisbon","article_publisher":"https:\/\/www.facebook.com\/profile.php?id=100065114705610","article_modified_time":"2025-12-26T17:37:31+00:00","twitter_card":"summary_large_image","schema":{"@context":"https:\/\/schema.org","@graph":[{"@type":"WebPage","@id":"https:\/\/surfinglisbon.com\/pt-pt\/aluguer-surf\/","url":"https:\/\/surfinglisbon.com\/pt-pt\/aluguer-surf\/","name":"Aluguer de pranchas de surf | Surfinglisbon.com","isPartOf":{"@id":"https:\/\/surfinglisbon.com\/pt-pt\/#website"},"datePublished":"2023-01-22T19:16:00+00:00","dateModified":"2025-12-26T17:37:31+00:00","description":"Aluguer de pranchas de surf em Lisboa perto das melhores praias. Op\u00e7\u00f5es para todos os n\u00edveis. Surf f\u00e1cil e sem complica\u00e7\u00f5es","breadcrumb":{"@id":"https:\/\/surfinglisbon.com\/pt-pt\/aluguer-surf\/#breadcrumb"},"inLanguage":"pt-PT","potentialAction":[{"@type":"ReadAction","target":["https:\/\/surfinglisbon.com\/pt-pt\/aluguer-surf\/"]}]},{"@type":"BreadcrumbList","@id":"https:\/\/surfinglisbon.com\/pt-pt\/aluguer-surf\/#breadcrumb","itemListElement":[{"@type":"ListItem","position":1,"name":"Home","item":"https:\/\/surfinglisbon.com\/pt-pt\/"},{"@type":"ListItem","position":2,"name":"Aluguer surf"}]},{"@type":"WebSite","@id":"https:\/\/surfinglisbon.com\/pt-pt\/#website","url":"https:\/\/surfinglisbon.com\/pt-pt\/","name":"Surfing Lisbon","description":"Surf Lessons in Lisbon","publisher":{"@id":"https:\/\/surfinglisbon.com\/pt-pt\/#organization"},"potentialAction":[{"@type":"SearchAction","target":{"@type":"EntryPoint","urlTemplate":"https:\/\/surfinglisbon.com\/pt-pt\/?s={search_term_string}"},"query-input":{"@type":"PropertyValueSpecification","valueRequired":true,"valueName":"search_term_string"}}],"inLanguage":"pt-PT"},{"@type":"Organization","@id":"https:\/\/surfinglisbon.com\/pt-pt\/#organization","name":"Surfar em Lisboa","url":"https:\/\/surfinglisbon.com\/pt-pt\/","logo":{"@type":"ImageObject","inLanguage":"pt-PT","@id":"https:\/\/surfinglisbon.com\/pt-pt\/#\/schema\/logo\/image\/","url":"https:\/\/surfinglisbon.com\/wp-content\/uploads\/2024\/12\/cropped-android-chrome-512x512-1.png","contentUrl":"https:\/\/surfinglisbon.com\/wp-content\/uploads\/2024\/12\/cropped-android-chrome-512x512-1.png","width":512,"height":512,"caption":"Surfar em Lisboa"},"image":{"@id":"https:\/\/surfinglisbon.com\/pt-pt\/#\/schema\/logo\/image\/"},"sameAs":["https:\/\/www.facebook.com\/profile.php?id=100065114705610","https:\/\/www.instagram.com\/surfinglisbon"]}]}},"_links":{"self":[{"href":"https:\/\/surfinglisbon.com\/pt-pt\/wp-json\/wp\/v2\/pages\/239853","targetHints":{"allow":["GET"]}}],"collection":[{"href":"https:\/\/surfinglisbon.com\/pt-pt\/wp-json\/wp\/v2\/pages"}],"about":[{"href":"https:\/\/surfinglisbon.com\/pt-pt\/wp-json\/wp\/v2\/types\/page"}],"author":[{"embeddable":true,"href":"https:\/\/surfinglisbon.com\/pt-pt\/wp-json\/wp\/v2\/users\/2"}],"replies":[{"embeddable":true,"href":"https:\/\/surfinglisbon.com\/pt-pt\/wp-json\/wp\/v2\/comments?post=239853"}],"version-history":[{"count":3,"href":"https:\/\/surfinglisbon.com\/pt-pt\/wp-json\/wp\/v2\/pages\/239853\/revisions"}],"predecessor-version":[{"id":239968,"href":"https:\/\/surfinglisbon.com\/pt-pt\/wp-json\/wp\/v2\/pages\/239853\/revisions\/239968"}],"wp:attachment":[{"href":"https:\/\/surfinglisbon.com\/pt-pt\/wp-json\/wp\/v2\/media?parent=239853"}],"curies":[{"name":"wp","href":"https:\/\/api.w.org\/{rel}","templated":true}]}}