{"id":239856,"date":"2020-10-20T09:50:06","date_gmt":"2020-10-20T09:50:06","guid":{"rendered":"https:\/\/surfinglisbon.com\/contacto\/"},"modified":"2025-12-22T15:19:16","modified_gmt":"2025-12-22T15:19:16","slug":"contacto","status":"publish","type":"page","link":"https:\/\/surfinglisbon.com\/pt-pt\/contacto\/","title":{"rendered":"Contacto"},"content":{"rendered":"<div class=\"et_pb_section_0 et_pb_section et_section_regular et_block_section\">\n<div class=\"et_pb_row_0 et_pb_row et_block_row\">\n<div class=\"et_pb_column_0 et_pb_column et_pb_column_2_5 et_block_column et_pb_css_mix_blend_mode_passthrough\">\n<div class=\"et_pb_text_0 et_pb_text et_pb_bg_layout_light et_pb_module et_block_module\"><div class=\"et_pb_text_inner\"><h3>Entra em contacto<\/h3>\n<\/div><\/div>\n\n<div class=\"et_pb_divider_0 et_pb_divider et_pb_space et_pb_divider_position_top et_pb_module\"><div class=\"et_pb_divider_internal\"><\/div><\/div>\n\n<div class=\"et_pb_text_1 et_pb_text et_pb_bg_layout_light et_pb_module et_block_module\"><div class=\"et_pb_text_inner\"><p><strong><a href=\"mailto:%20info@surfinglisbon.com\">info@surfinglisbon.com<\/a><\/strong><\/p>\n<p><strong><a href=\"tel:(+351)913072715\">+351 91 307 27 15<\/a><\/strong><\/p>\n<\/div><\/div>\n\n<ul class=\"et_pb_social_media_follow_0 et_pb_social_media_follow et_pb_bg_layout_light et_pb_text_align_center et_pb_module et_flex_module\">\n<li class=\"et_pb_social_media_follow_network_0 et_pb_social_media_follow_network et_pb_social_icon et_pb_social_network_link et-social-facebook et_pb_module et_flex_module\"><a href=\"https:\/\/www.facebook.com\/Surfinglisbon-116085856606199\" class=\"icon\" target=\"_self\" title=\"Follow on Facebook\" rel=\"noopener\"><span class=\"et_pb_social_media_follow_network_name\">Segue<\/span><\/a><\/li>\n\n<li class=\"et_pb_social_media_follow_network_1 et_pb_social_media_follow_network et_pb_social_icon et_pb_social_network_link et-social-instagram et_pb_module et_flex_module\"><a href=\"https:\/\/www.instagram.com\/surfinglisbon\/\" class=\"icon\" target=\"_self\" title=\"Follow on Instagram\" rel=\"noopener\"><span class=\"et_pb_social_media_follow_network_name\">Segue<\/span><\/a><\/li>\n<\/ul>\n\n<div class=\"et_pb_code_0 et_pb_code et_pb_text_align_center et_pb_module\"><div class=\"et_pb_code_inner\"><!-- FareHarbor book button -->\n<a href=\"https:\/\/fareharbor.com\/embeds\/book\/geckosurfschool\/?full-items=yes\">RESERVA ONLINE<\/a><\/div><\/div>\n<\/div>\n\n<div class=\"et_pb_column_1 et_pb_column et_pb_column_3_5 et-last-child et_block_column et_pb_css_mix_blend_mode_passthrough\">\n<div class=\"et_pb_text_2 et_pb_text et_pb_bg_layout_light et_pb_module et_block_module\"><div class=\"et_pb_text_inner\"><h1>CONTACTA-NOS<\/h1>\n<\/div><\/div>\n\n<div class=\"et_pb_text_3 et_pb_text et_pb_bg_layout_light et_pb_module et_block_module\"><div class=\"et_pb_text_inner\"><h2>Envia-nos uma mensagem<\/h2>\n<p>Se tiveres um pedido de informa\u00e7\u00e3o, utiliza as seguintes op\u00e7\u00f5es. Por favor inclui um n\u00famero de telem\u00f3vel no teu email. A Surfing Lisboa funciona durante todo o ano, incluindo o inverno. Reserva hoje e come\u00e7a o caminho para te tornares um surfista para a vida.   <\/p>\n<\/div><\/div>\n\n<div class=\"et_pb_contact_form_0 et_pb_contact_form_container clearfix et_pb_recaptcha_enabled et_pb_module et_flex_module\" data-form_unique_num=\"0\" data-form_unique_id=\"6eb62ba0-0022-4441-84d2-9498a9da2d84\" id=\"et_pb_contact_form_6eb62ba0-0022-4441-84d2-9498a9da2d84\"><h3 class=\"et_pb_contact_main_title\">Formul\u00e1rio de contacto<\/h3><div class=\"et-pb-contact-message\"><\/div><div class=\"et_pb_contact\"><form class=\"et_pb_contact_form et_flex_module\" method=\"post\" action=\"https:\/\/surfinglisbon.com\/pt-pt\/wp-json\/wp\/v2\/pages\/239856\">\n<div class=\"et_pb_contact_field_0 et_pb_contact_field et_pb_module et_flex_module et_flex_column_24_24 et_flex_column_24_24_tablet et_flex_column_24_24_phone\" data-id=\"name\" data-type=\"input\"><label class=\"et_pb_contact_form_label\" for=\"et_pb_contact_0_name_0\">Nome<\/label><input type=\"text\" name=\"et_pb_contact_0_name_0\" id=\"et_pb_contact_0_name_0\" class=\"input\" data-required_mark=\"required\" data-field_type=\"input\" data-original_id=\"name\" placeholder=\"Nome\" title=\"\" value=\"\" \/><\/div>\n\n<div class=\"et_pb_contact_field_1 et_pb_contact_field et_pb_module et_flex_module et_flex_column_24_24 et_flex_column_24_24_tablet et_flex_column_24_24_phone\" data-id=\"email\" data-type=\"email\"><label class=\"et_pb_contact_form_label\" for=\"et_pb_contact_0_email_1\">Endere\u00e7o de e-mail<\/label><input type=\"text\" name=\"et_pb_contact_0_email_1\" id=\"et_pb_contact_0_email_1\" class=\"input\" data-required_mark=\"required\" data-field_type=\"email\" data-original_id=\"email\" placeholder=\"Endere\u00e7o de e-mail\" title=\"\" value=\"\" \/><\/div>\n\n<div class=\"et_pb_contact_field_2 et_pb_contact_field et_pb_module et_flex_module et_flex_column_24_24 et_flex_column_24_24_tablet et_flex_column_24_24_phone\" data-id=\"message\" data-type=\"text\"><label class=\"et_pb_contact_form_label\" for=\"et_pb_contact_0_message_2\">Mensagem<\/label><textarea name=\"et_pb_contact_0_message_2\" id=\"et_pb_contact_0_message_2\" class=\"et_pb_contact_message input\" data-required_mark=\"required\" data-field_type=\"text\" data-original_id=\"message\" placeholder=\"Mensagem\"><\/textarea><\/div>\n<input type=\"hidden\" name=\"et_pb_contactform_submit_6eb62ba0-0022-4441-84d2-9498a9da2d84\" value=\"et_contact_proccess\" \/><div class=\"et_contact_bottom_container\"><div class=\"et_pb_button_wrapper\"><button type=\"submit\" name=\"et_builder_submit_button\" class=\"et_pb_button et_pb_contact_submit\">Submit<\/button><\/div><\/div><input type=\"hidden\" id=\"_wpnonce-et-pb-contact-form-submitted-6eb62ba0-0022-4441-84d2-9498a9da2d84\" name=\"_wpnonce-et-pb-contact-form-submitted-6eb62ba0-0022-4441-84d2-9498a9da2d84\" value=\"905f590c91\" \/><input type=\"hidden\" name=\"_wp_http_referer\" value=\"\/pt-pt\/wp-json\/wp\/v2\/pages\/239856\" \/><\/form><\/div><\/div>\n<\/div>\n<\/div>\n<\/div>\n\n<div class=\"et_pb_section_1 et_pb_section et_section_regular et_block_section\">\n<div class=\"et_pb_row_1 et_pb_row et_block_row\">\n<div class=\"et_pb_column_2 et_pb_column et_pb_column_4_4 et-last-child et_block_column et_pb_css_mix_blend_mode_passthrough\">\n<div class=\"et_pb_text_4 et_pb_text et_pb_bg_layout_light et_pb_module et_block_module\"><div class=\"et_pb_text_inner\"><h3>Como ir de Lisboa para os Surf Spots da Caparica de carro ou de transportes p\u00fablicos.<\/h3>\n<h4>Carro<\/h4>\n<p>A Costa da Caparica \u00e9 facilmente acess\u00edvel de carro. Apanha a autoestrada <strong>A2<\/strong> do centro para sul de Lisboa, atravessa a ponte e vira \u00e0 direita na primeira sa\u00edda para a Costa de Caparica, que fica apenas a 20 minutos do centro da cidade. <\/p>\n<h4>Autocarro<\/h4>\n<p>Para quem n\u00e3o tem carro, podes chegar aos locais de surf atrav\u00e9s de transportes p\u00fablicos. As linhas <strong>3709<\/strong> do <strong>Marqu\u00eas do Pombal<\/strong> e <strong>3710<\/strong> de<strong> Sete Rios<\/strong> levam-te diretamente do centro de Lisboa para a Costa da Caparica, com algumas paragens pelo caminho. <\/p>\n<h4>Comboio<\/h4>\n<p>Apanha o comboio em Sete Rios, o comboio atravessa a Ponte do Tejo, sai no Pragal em 11 minutos. Da esta\u00e7\u00e3o Roma-Areeiro, na Avenida Roma, o comboio demora 17 minutos, e de Campolide, apenas 8 minutos. <\/p>\n<p>Uma vez no Pragal, j\u00e1 a sul de Lisboa, h\u00e1 um autocarro direto para a Costa da Caparica.<\/p>\n<p><strong>3024<\/strong> - Pragal - Costa da Caparica (36 minutos)<\/p>\n<p>O tempo total de viagem \u00e9 de 40 a 1 hora, dependendo da esta\u00e7\u00e3o de comboios de partida.<\/p>\n<h4>Barco<\/h4>\n<p>Tens duas op\u00e7\u00f5es: <strong>Cais do Sodr\u00e9<\/strong> e <strong>Bel\u00e9m<\/strong><\/p>\n<h5>Do Cais do Sodr\u00e9 para Cacilhas<\/h5>\n<p>As partidas do Cais do Sodr\u00e9 s\u00e3o regulares durante a semana, 10 em 10 minutos tens um barco. Aos fins-de-semana e feriados, h\u00e1 cerca de tr\u00eas viagens por hora em cada sentido (ver hor\u00e1rios). <\/p>\n<h5>De Cacilhas \u00e0 Costa da Caparica<\/h5>\n<p><strong>3011<\/strong> - Cacilhas - Costa da Caparica (34 minutos)<\/p>\n<h5>De Bel\u00e9m \u00e0 Trafaria<\/h5>\n<p><span>As partidas de Bel\u00e9m, nos dias \u00fateis, s\u00e3o cerca de uma por hora (<\/span>ver hor\u00e1rios<span>).<\/span> Neste ferry \u00e9 poss\u00edvel vires com o teu carro ou moto.<\/p>\n<h5>Da Trafaria \u00e0 Costa da Caparica<\/h5>\n<p><strong>3030<\/strong> - Monte da Caparica (FCT) - Fonte da Telha (15 minutos para a Costa da Caparica e 30 minutos para a Fonte da Telha)<\/p>\n<p>&nbsp;<\/p>\n<p>&nbsp;<\/p>\n<\/div><\/div>\n<\/div>\n<\/div>\n<\/div>","protected":false},"excerpt":{"rendered":"","protected":false},"author":1,"featured_media":0,"parent":0,"menu_order":0,"comment_status":"closed","ping_status":"closed","template":"","meta":{"footnotes":""},"class_list":["post-239856","page","type-page","status-publish","hentry"],"yoast_head":"<!-- This site is optimized with the Yoast SEO plugin v27.3 - https:\/\/yoast.com\/product\/yoast-seo-wordpress\/ -->\n<title>Contacto | Aulas de Surf em Lisboa | Surfinglisbon.com<\/title>\n<meta name=\"description\" content=\"Na Surfing Lisbon, ensinamos-te que o surf n\u00e3o \u00e9 apenas um desporto, mas um rem\u00e9dio para a vida. Entra em contacto connosco! Contacta-nos hoje mesmo!\" \/>\n<meta name=\"robots\" content=\"index, follow, max-snippet:-1, max-image-preview:large, max-video-preview:-1\" \/>\n<link rel=\"canonical\" href=\"https:\/\/surfinglisbon.com\/pt-pt\/contacto\/\" \/>\n<meta property=\"og:locale\" content=\"pt_PT\" \/>\n<meta property=\"og:type\" content=\"article\" \/>\n<meta property=\"og:title\" content=\"Contacto | Aulas de Surf em Lisboa | Surfinglisbon.com\" \/>\n<meta property=\"og:description\" content=\"Na Surfing Lisbon, ensinamos-te que o surf n\u00e3o \u00e9 apenas um desporto, mas um rem\u00e9dio para a vida. Entra em contacto connosco! Contacta-nos hoje mesmo!\" \/>\n<meta property=\"og:url\" content=\"https:\/\/surfinglisbon.com\/pt-pt\/contacto\/\" \/>\n<meta property=\"og:site_name\" content=\"Surfing Lisbon\" \/>\n<meta property=\"article:publisher\" content=\"https:\/\/www.facebook.com\/profile.php?id=100065114705610\" \/>\n<meta property=\"article:modified_time\" content=\"2025-12-22T15:19:16+00:00\" \/>\n<meta name=\"twitter:card\" content=\"summary_large_image\" \/>\n<script type=\"application\/ld+json\" class=\"yoast-schema-graph\">{\"@context\":\"https:\\\/\\\/schema.org\",\"@graph\":[{\"@type\":\"WebPage\",\"@id\":\"https:\\\/\\\/surfinglisbon.com\\\/pt-pt\\\/contacto\\\/\",\"url\":\"https:\\\/\\\/surfinglisbon.com\\\/pt-pt\\\/contacto\\\/\",\"name\":\"Contacto | Aulas de Surf em Lisboa | Surfinglisbon.com\",\"isPartOf\":{\"@id\":\"https:\\\/\\\/surfinglisbon.com\\\/pt-pt\\\/#website\"},\"datePublished\":\"2020-10-20T09:50:06+00:00\",\"dateModified\":\"2025-12-22T15:19:16+00:00\",\"description\":\"Na Surfing Lisbon, ensinamos-te que o surf n\u00e3o \u00e9 apenas um desporto, mas um rem\u00e9dio para a vida. Entra em contacto connosco! Contacta-nos hoje mesmo!\",\"breadcrumb\":{\"@id\":\"https:\\\/\\\/surfinglisbon.com\\\/pt-pt\\\/contacto\\\/#breadcrumb\"},\"inLanguage\":\"pt-PT\",\"potentialAction\":[{\"@type\":\"ReadAction\",\"target\":[\"https:\\\/\\\/surfinglisbon.com\\\/pt-pt\\\/contacto\\\/\"]}]},{\"@type\":\"BreadcrumbList\",\"@id\":\"https:\\\/\\\/surfinglisbon.com\\\/pt-pt\\\/contacto\\\/#breadcrumb\",\"itemListElement\":[{\"@type\":\"ListItem\",\"position\":1,\"name\":\"Home\",\"item\":\"https:\\\/\\\/surfinglisbon.com\\\/pt-pt\\\/\"},{\"@type\":\"ListItem\",\"position\":2,\"name\":\"Contacto\"}]},{\"@type\":\"WebSite\",\"@id\":\"https:\\\/\\\/surfinglisbon.com\\\/pt-pt\\\/#website\",\"url\":\"https:\\\/\\\/surfinglisbon.com\\\/pt-pt\\\/\",\"name\":\"Surfing Lisbon\",\"description\":\"Surf Lessons in Lisbon\",\"publisher\":{\"@id\":\"https:\\\/\\\/surfinglisbon.com\\\/pt-pt\\\/#organization\"},\"potentialAction\":[{\"@type\":\"SearchAction\",\"target\":{\"@type\":\"EntryPoint\",\"urlTemplate\":\"https:\\\/\\\/surfinglisbon.com\\\/pt-pt\\\/?s={search_term_string}\"},\"query-input\":{\"@type\":\"PropertyValueSpecification\",\"valueRequired\":true,\"valueName\":\"search_term_string\"}}],\"inLanguage\":\"pt-PT\"},{\"@type\":\"Organization\",\"@id\":\"https:\\\/\\\/surfinglisbon.com\\\/pt-pt\\\/#organization\",\"name\":\"Surfar em Lisboa\",\"url\":\"https:\\\/\\\/surfinglisbon.com\\\/pt-pt\\\/\",\"logo\":{\"@type\":\"ImageObject\",\"inLanguage\":\"pt-PT\",\"@id\":\"https:\\\/\\\/surfinglisbon.com\\\/pt-pt\\\/#\\\/schema\\\/logo\\\/image\\\/\",\"url\":\"https:\\\/\\\/surfinglisbon.com\\\/wp-content\\\/uploads\\\/2024\\\/12\\\/cropped-android-chrome-512x512-1.png\",\"contentUrl\":\"https:\\\/\\\/surfinglisbon.com\\\/wp-content\\\/uploads\\\/2024\\\/12\\\/cropped-android-chrome-512x512-1.png\",\"width\":512,\"height\":512,\"caption\":\"Surfar em Lisboa\"},\"image\":{\"@id\":\"https:\\\/\\\/surfinglisbon.com\\\/pt-pt\\\/#\\\/schema\\\/logo\\\/image\\\/\"},\"sameAs\":[\"https:\\\/\\\/www.facebook.com\\\/profile.php?id=100065114705610\",\"https:\\\/\\\/www.instagram.com\\\/surfinglisbon\"]}]}<\/script>\n<!-- \/ Yoast SEO plugin. -->","yoast_head_json":{"title":"Contacto | Aulas de Surf em Lisboa | Surfinglisbon.com","description":"Na Surfing Lisbon, ensinamos-te que o surf n\u00e3o \u00e9 apenas um desporto, mas um rem\u00e9dio para a vida. Entra em contacto connosco! Contacta-nos hoje mesmo!","robots":{"index":"index","follow":"follow","max-snippet":"max-snippet:-1","max-image-preview":"max-image-preview:large","max-video-preview":"max-video-preview:-1"},"canonical":"https:\/\/surfinglisbon.com\/pt-pt\/contacto\/","og_locale":"pt_PT","og_type":"article","og_title":"Contacto | Aulas de Surf em Lisboa | Surfinglisbon.com","og_description":"Na Surfing Lisbon, ensinamos-te que o surf n\u00e3o \u00e9 apenas um desporto, mas um rem\u00e9dio para a vida. Entra em contacto connosco! Contacta-nos hoje mesmo!","og_url":"https:\/\/surfinglisbon.com\/pt-pt\/contacto\/","og_site_name":"Surfing Lisbon","article_publisher":"https:\/\/www.facebook.com\/profile.php?id=100065114705610","article_modified_time":"2025-12-22T15:19:16+00:00","twitter_card":"summary_large_image","schema":{"@context":"https:\/\/schema.org","@graph":[{"@type":"WebPage","@id":"https:\/\/surfinglisbon.com\/pt-pt\/contacto\/","url":"https:\/\/surfinglisbon.com\/pt-pt\/contacto\/","name":"Contacto | Aulas de Surf em Lisboa | Surfinglisbon.com","isPartOf":{"@id":"https:\/\/surfinglisbon.com\/pt-pt\/#website"},"datePublished":"2020-10-20T09:50:06+00:00","dateModified":"2025-12-22T15:19:16+00:00","description":"Na Surfing Lisbon, ensinamos-te que o surf n\u00e3o \u00e9 apenas um desporto, mas um rem\u00e9dio para a vida. Entra em contacto connosco! Contacta-nos hoje mesmo!","breadcrumb":{"@id":"https:\/\/surfinglisbon.com\/pt-pt\/contacto\/#breadcrumb"},"inLanguage":"pt-PT","potentialAction":[{"@type":"ReadAction","target":["https:\/\/surfinglisbon.com\/pt-pt\/contacto\/"]}]},{"@type":"BreadcrumbList","@id":"https:\/\/surfinglisbon.com\/pt-pt\/contacto\/#breadcrumb","itemListElement":[{"@type":"ListItem","position":1,"name":"Home","item":"https:\/\/surfinglisbon.com\/pt-pt\/"},{"@type":"ListItem","position":2,"name":"Contacto"}]},{"@type":"WebSite","@id":"https:\/\/surfinglisbon.com\/pt-pt\/#website","url":"https:\/\/surfinglisbon.com\/pt-pt\/","name":"Surfing Lisbon","description":"Surf Lessons in Lisbon","publisher":{"@id":"https:\/\/surfinglisbon.com\/pt-pt\/#organization"},"potentialAction":[{"@type":"SearchAction","target":{"@type":"EntryPoint","urlTemplate":"https:\/\/surfinglisbon.com\/pt-pt\/?s={search_term_string}"},"query-input":{"@type":"PropertyValueSpecification","valueRequired":true,"valueName":"search_term_string"}}],"inLanguage":"pt-PT"},{"@type":"Organization","@id":"https:\/\/surfinglisbon.com\/pt-pt\/#organization","name":"Surfar em Lisboa","url":"https:\/\/surfinglisbon.com\/pt-pt\/","logo":{"@type":"ImageObject","inLanguage":"pt-PT","@id":"https:\/\/surfinglisbon.com\/pt-pt\/#\/schema\/logo\/image\/","url":"https:\/\/surfinglisbon.com\/wp-content\/uploads\/2024\/12\/cropped-android-chrome-512x512-1.png","contentUrl":"https:\/\/surfinglisbon.com\/wp-content\/uploads\/2024\/12\/cropped-android-chrome-512x512-1.png","width":512,"height":512,"caption":"Surfar em Lisboa"},"image":{"@id":"https:\/\/surfinglisbon.com\/pt-pt\/#\/schema\/logo\/image\/"},"sameAs":["https:\/\/www.facebook.com\/profile.php?id=100065114705610","https:\/\/www.instagram.com\/surfinglisbon"]}]}},"_links":{"self":[{"href":"https:\/\/surfinglisbon.com\/pt-pt\/wp-json\/wp\/v2\/pages\/239856","targetHints":{"allow":["GET"]}}],"collection":[{"href":"https:\/\/surfinglisbon.com\/pt-pt\/wp-json\/wp\/v2\/pages"}],"about":[{"href":"https:\/\/surfinglisbon.com\/pt-pt\/wp-json\/wp\/v2\/types\/page"}],"author":[{"embeddable":true,"href":"https:\/\/surfinglisbon.com\/pt-pt\/wp-json\/wp\/v2\/users\/1"}],"replies":[{"embeddable":true,"href":"https:\/\/surfinglisbon.com\/pt-pt\/wp-json\/wp\/v2\/comments?post=239856"}],"version-history":[{"count":0,"href":"https:\/\/surfinglisbon.com\/pt-pt\/wp-json\/wp\/v2\/pages\/239856\/revisions"}],"wp:attachment":[{"href":"https:\/\/surfinglisbon.com\/pt-pt\/wp-json\/wp\/v2\/media?parent=239856"}],"curies":[{"name":"wp","href":"https:\/\/api.w.org\/{rel}","templated":true}]}}