{"id":239857,"date":"2020-10-20T08:58:34","date_gmt":"2020-10-20T08:58:34","guid":{"rendered":"https:\/\/surfinglisbon.com\/surfar-em-lisboa\/"},"modified":"2025-12-26T16:20:50","modified_gmt":"2025-12-26T16:20:50","slug":"surfar-em-lisboa","status":"publish","type":"page","link":"https:\/\/surfinglisbon.com\/pt-pt\/","title":{"rendered":"Surfar em Lisboa"},"content":{"rendered":"<div class=\"et_pb_section_0 et_pb_section et_pb_fullwidth_section et_section_regular et_block_section\">\n<div class=\"et_pb_fullwidth_slider_0 et_pb_slider et_pb_module\"><div class=\"et_pb_slides\">\n<div class=\"et_pb_slide_0 et_pb_slide et_pb_media_alignment_center et_pb_bg_layout_dark\" data-slide-id=\"divi\/slide-0\"><div class=\"et_pb_container\"><div class=\"et_pb_slider_container_inner\"><div class=\"et_pb_slide_description\"><h1 class=\"et_pb_slide_title\"><a href=\"https:\/\/fareharbor.com\/embeds\/book\/geckosurfschool\/?full-items=yes\" target=\"\" class=\"et_pb_slide_title_link\">Surfar em Lisboa<\/a><\/h1><div class=\"et_pb_slide_content\"><p>Aulas de Surf acreditadas em Lisboa<\/p>\n<\/div><div class=\"et_pb_button_wrapper\"><a class=\"et_pb_button et_pb_more_button\" href=\"https:\/\/fareharbor.com\/embeds\/book\/geckosurfschool\/?full-items=yes\">RESERVA ONLINE<\/a><\/div><\/div><\/div><\/div><\/div>\n<\/div><\/div>\n<\/div>\n\n<div class=\"et_pb_section_1 et_pb_section et_section_regular et_flex_section\">\n<div class=\"et_pb_row_0 et_pb_row et_block_row\">\n<div class=\"et_pb_column_0 et_pb_column et_pb_column_4_4 et-last-child et_block_column et_pb_css_mix_blend_mode_passthrough\">\n<div class=\"et_pb_text_0 et_pb_text et_pb_bg_layout_light et_pb_module et_block_module\"><div class=\"et_pb_text_inner\"><h2>Escolhe as tuas aulas de surf<\/h2>\n<\/div><\/div>\n\n<div class=\"et_pb_text_1 et_pb_text et_pb_bg_layout_light et_pb_module et_block_module\"><div class=\"et_pb_text_inner\"><p>Quer sejas um completo principiante ou um surfista experiente \u00e0 procura de melhorar as tuas capacidades, a Surfing Lisbon oferece a aventura de surf perfeita para todos os n\u00edveis. Lisboa, com a sua costa deslumbrante e condi\u00e7\u00f5es de surf consistentes, \u00e9 um dos destinos de topo na Europa para a pr\u00e1tica de surf <\/p>\n<\/div><\/div>\n\n<div class=\"et_pb_divider_0 et_pb_divider et_pb_space et_pb_divider_position_top et_pb_module\"><div class=\"et_pb_divider_internal\"><\/div><\/div>\n<\/div>\n<\/div>\n\n<div class=\"et_pb_row_1 et_pb_row et_pb_gutters2 et_block_row\">\n<div class=\"et_pb_column_1 et_pb_column et_pb_column_1_3 et_block_column et_pb_css_mix_blend_mode_passthrough\">\n<div class=\"et_pb_image_0 et_pb_image et_pb_module et_block_module\"><span class=\"et_pb_image_wrap\"><img loading=\"lazy\" decoding=\"async\" src=\"https:\/\/surfinglisbon.com\/wp-content\/uploads\/2023\/12\/surfing-lisbon-group-lessons.jpg\" width=\"800\" height=\"600\" srcset=\"https:\/\/surfinglisbon.com\/wp-content\/uploads\/2023\/12\/surfing-lisbon-group-lessons.jpg 800w, https:\/\/surfinglisbon.com\/wp-content\/uploads\/2023\/12\/surfing-lisbon-group-lessons-480x360.jpg 480w\" sizes=\"(min-width: 0px) and (max-width: 480px) 480px, (min-width: 481px) 800px, 100vw\" class=\"wp-image-239289\" title=\"Group Surf lessons\" alt=\"surfing lisbon group surf lessons\" \/><\/span><\/div>\n\n<div class=\"et_pb_text_2 et_pb_text et_pb_bg_layout_light et_pb_module et_block_module\"><div class=\"et_pb_text_inner\"><h3>Aulas de surf em grupo<\/h3>\n<\/div><\/div>\n\n<div class=\"et_pb_text_3 et_pb_text et_pb_bg_layout_light et_pb_module et_block_module\"><div class=\"et_pb_text_inner\"><p>Queres surfar as ondas enquanto fazes novos amigos? As nossas aulas de surf em grupo em Lisboa s\u00e3o perfeitas para aqueles que querem experimentar a emo\u00e7\u00e3o de surfar num ambiente social e solid\u00e1rio. Quer sejas um completo principiante ou tenhas alguma experi\u00eancia pr\u00e9via, os nossos instrutores de surf especializados ir\u00e3o guiar-te em cada passo do caminho.  <\/p>\n<\/div><\/div>\n\n<div class=\"et_pb_divider_1 et_pb_divider_hidden et_pb_space et_pb_divider_position_top et_pb_module\"><div class=\"et_pb_divider_internal\"><\/div><\/div>\n\n<div class=\"et_pb_text_4 et_pb_text et_pb_bg_layout_light et_clickable et_pb_module et_block_module\"><div class=\"et_pb_text_inner\"><h4>VER MAIS<\/h4>\n<\/div><\/div>\n\n<div class=\"et_pb_divider_2 et_pb_divider_hidden et_pb_space et_pb_divider_position_top et_pb_module\"><div class=\"et_pb_divider_internal\"><\/div><\/div>\n<\/div>\n\n<div class=\"et_pb_column_2 et_pb_column et_pb_column_1_3 et_block_column et_pb_css_mix_blend_mode_passthrough\">\n<div class=\"et_pb_image_1 et_pb_image et_pb_module et_block_module\"><span class=\"et_pb_image_wrap\"><img loading=\"lazy\" decoding=\"async\" src=\"https:\/\/surfinglisbon.com\/wp-content\/uploads\/2023\/12\/surfing-lisbon-private-surfing-lessons.jpg\" width=\"800\" height=\"600\" srcset=\"https:\/\/surfinglisbon.com\/wp-content\/uploads\/2023\/12\/surfing-lisbon-private-surfing-lessons.jpg 800w, https:\/\/surfinglisbon.com\/wp-content\/uploads\/2023\/12\/surfing-lisbon-private-surfing-lessons-480x360.jpg 480w\" sizes=\"(min-width: 0px) and (max-width: 480px) 480px, (min-width: 481px) 800px, 100vw\" class=\"wp-image-239301\" title=\"Private Surf Lessons\" alt=\"surfing lisbon private surf lessons\" \/><\/span><\/div>\n\n<div class=\"et_pb_text_5 et_pb_text et_pb_bg_layout_light et_pb_module et_block_module\"><div class=\"et_pb_text_inner\"><h3>Aulas particulares de surf<\/h3>\n<\/div><\/div>\n\n<div class=\"et_pb_text_6 et_pb_text et_pb_bg_layout_light et_pb_module et_block_module\"><div class=\"et_pb_text_inner\"><p>Para aqueles que procuram uma aten\u00e7\u00e3o personalizada e uma experi\u00eancia de surf \u00e0 medida, as nossas Aulas Particulares de Surf s\u00e3o a escolha perfeita. Quer sejas um principiante \u00e0 procura de orienta\u00e7\u00e3o individual ou um surfista experiente \u00e0 procura de aperfei\u00e7oar a tua t\u00e9cnica, as nossas aulas particulares v\u00e3o ajudar-te a atingir os teus objectivos de surf mais rapidamente. Treino personalizado!  <\/p>\n<\/div><\/div>\n\n<div class=\"et_pb_divider_3 et_pb_divider_hidden et_pb_space et_pb_divider_position_top et_pb_module\"><div class=\"et_pb_divider_internal\"><\/div><\/div>\n\n<div class=\"et_pb_text_7 et_pb_text et_pb_bg_layout_light et_pb_module et_block_module\"><div class=\"et_pb_text_inner\"><h4>VER MAIS<\/h4>\n<\/div><\/div>\n\n<div class=\"et_pb_divider_4 et_pb_divider_hidden et_pb_space et_pb_divider_position_top et_pb_module\"><div class=\"et_pb_divider_internal\"><\/div><\/div>\n<\/div>\n\n<div class=\"et_pb_column_3 et_pb_column et_pb_column_1_3 et-last-child et_block_column et_pb_css_mix_blend_mode_passthrough\">\n<div class=\"et_pb_image_2 et_pb_image et_pb_module et_block_module\"><span class=\"et_pb_image_wrap\"><img loading=\"lazy\" decoding=\"async\" src=\"https:\/\/surfinglisbon.com\/wp-content\/uploads\/2023\/12\/surfing-lisbon-semi-private-surfing-lessons.jpg\" width=\"800\" height=\"600\" srcset=\"https:\/\/surfinglisbon.com\/wp-content\/uploads\/2023\/12\/surfing-lisbon-semi-private-surfing-lessons.jpg 800w, https:\/\/surfinglisbon.com\/wp-content\/uploads\/2023\/12\/surfing-lisbon-semi-private-surfing-lessons-480x360.jpg 480w\" sizes=\"(min-width: 0px) and (max-width: 480px) 480px, (min-width: 481px) 800px, 100vw\" class=\"wp-image-239302\" title=\"Semi-Private Surf Lessons\" alt=\"surfing lisbon private surf lessons\" \/><\/span><\/div>\n\n<div class=\"et_pb_text_8 et_pb_text et_pb_bg_layout_light et_pb_module et_block_module\"><div class=\"et_pb_text_inner\"><h3>Aulas Semi-Privadas<\/h3>\n<\/div><\/div>\n\n<div class=\"et_pb_text_9 et_pb_text et_pb_bg_layout_light et_pb_module et_block_module\"><div class=\"et_pb_text_inner\"><p>Procuras uma experi\u00eancia de surf mais \u00edntima mas ainda queres a energia de um grupo pequeno? As nossas Aulas de Surf Semi-Privadas s\u00e3o o compromisso perfeito. Estas aulas foram concebidas para pares ou pequenos grupos que querem uma aten\u00e7\u00e3o personalizada enquanto desfrutam da camaradagem de surfar com amigos ou fam\u00edlia. Perfeito para amigos ou casais     <\/p>\n<\/div><\/div>\n\n<div class=\"et_pb_divider_5 et_pb_divider_hidden et_pb_space et_pb_divider_position_top et_pb_module\"><div class=\"et_pb_divider_internal\"><\/div><\/div>\n\n<div class=\"et_pb_text_10 et_pb_text et_pb_bg_layout_light et_pb_module et_block_module\"><div class=\"et_pb_text_inner\"><h4>VER MAIS<\/h4>\n<\/div><\/div>\n\n<div class=\"et_pb_divider_6 et_pb_divider_hidden et_pb_space et_pb_divider_position_top et_pb_module\"><div class=\"et_pb_divider_internal\"><\/div><\/div>\n<\/div>\n<\/div>\n\n<div class=\"et_pb_row_2 et_pb_row et_block_row\">\n<div class=\"et_pb_column_4 et_pb_column et_pb_column_4_4 et-last-child et_block_column et_pb_css_mix_blend_mode_passthrough\">\n<div class=\"et_pb_text_11 et_pb_text et_pb_bg_layout_light et_pb_module et_block_module\"><div class=\"et_pb_text_inner\"><h3>Aulas de Surf em Lisboa - Aprende a Surfar com a Surfing Lisbon<\/h3>\n<\/div><\/div>\n\n<div class=\"et_pb_text_12 et_pb_text et_pb_bg_layout_light et_pb_module et_block_module\"><div class=\"et_pb_text_inner\"><p>Queres aprender a surfar em Lisboa ou melhorar a tua t\u00e9cnica nas ondas? A Surfing Lisbon oferece aulas de surf em Lisboa para todos os n\u00edveis, desde iniciantes a surfistas avan\u00e7ados, nas melhores praias da costa lisboeta.<\/p>\n<p>A poucos minutos do centro da cidade, vais encontrar ondas consistentes, instrutores experientes e um ambiente seguro, divertido e profissional \u2014 tudo o que precisas para uma experi\u00eancia de surf inesquec\u00edvel.<\/p>\n<h3>Aulas de Surf para Todos os N\u00edveis<\/h3>\n<h4>As nossas aulas de surf t\u00eam a dura\u00e7\u00e3o de 2 horas e est\u00e3o dispon\u00edveis nos seguintes formatos:<\/h4>\n<ul>\n<li>Aulas de surf em grupo<\/li>\n<li>Aulas de surf semi-privadas<\/li>\n<li>Aulas de surf privadas<\/li>\n<\/ul>\n<p>Quer seja a tua primeira vez no surf ou queiras aperfei\u00e7oar a tua t\u00e9cnica, adaptamos cada aula ao teu n\u00edvel e objetivos. Os nossos instrutores locais certificados conhecem os melhores spots de surf em Lisboa e garantem uma aprendizagem eficaz e segura.<\/p>\n<h4>Aluguer de Pranchas de Surf em Lisboa<\/h4>\n<p>Al\u00e9m das aulas, disponibilizamos aluguer de pranchas de surf para que possas aproveitar ainda mais o teu tempo na \u00e1gua.<br \/>\nTemos pranchas de 7\u2019 e 8\u2019, ideais para principiantes, est\u00e1veis e f\u00e1ceis de manobrar \u2014 perfeitas para ganhar confian\u00e7a e evoluir rapidamente.<\/p>\n<h4>O Que Oferecemos<\/h4>\n<ul>\n<li>Aulas de surf em Lisboa personalizadas para iniciantes, interm\u00e9dios e avan\u00e7ados<\/li>\n<li>Instrutores de surf locais e experientes<\/li>\n<li>Aulas seguras, divertidas e profissionais<\/li>\n<li>Aluguer de pranchas de surf inclu\u00eddo ou dispon\u00edvel<\/li>\n<li>As melhores praias de Lisboa para aprender a surfar<\/li>\n<\/ul>\n<h4>Porqu\u00ea Escolher Lisboa para Surfar?<\/h4>\n<p>Lisboa \u00e9 um dos melhores destinos de surf da Europa, com ondas consistentes durante todo o ano, praias de f\u00e1cil acesso e um ambiente descontra\u00eddo e acolhedor.<\/p>\n<p>Quer procures apanhar a tua primeira onda ou levar o teu surf para o pr\u00f3ximo n\u00edvel, a Surfing Lisbon oferece as condi\u00e7\u00f5es ideais para evolu\u00edres e divertires-te no mar.<\/p>\n<h4>Vive uma Experi\u00eancia de Surf Inesquec\u00edvel em Lisboa<\/h4>\n<p>Se \u00e9s local ou est\u00e1s de visita, n\u00e3o h\u00e1 melhor forma de conhecer a cidade do que atrav\u00e9s do surf. Junta-te \u00e0 Surfing Lisbon, aprende com profissionais, desfruta das vistas incr\u00edveis da costa e cria mem\u00f3rias que ficar\u00e3o para sempre.<\/p>\n<p>Marca j\u00e1 a tua aula de surf em Lisboa online e prepara-te para uma experi\u00eancia \u00fanica com a Surfing Lisbon.<\/p>\n<p>N\u00e3o percas a aventura \u2014 o mar est\u00e1 \u00e0 tua espera!<\/p>\n<\/div><\/div>\n<\/div>\n<\/div>\n<\/div>","protected":false},"excerpt":{"rendered":"","protected":false},"author":1,"featured_media":0,"parent":0,"menu_order":0,"comment_status":"closed","ping_status":"closed","template":"","meta":{"footnotes":""},"class_list":["post-239857","page","type-page","status-publish","hentry"],"yoast_head":"<!-- This site is optimized with the Yoast SEO plugin v27.3 - https:\/\/yoast.com\/product\/yoast-seo-wordpress\/ -->\n<title>Surfing Lisbon | Aulas de Surf em Lisboa | Portugal<\/title>\n<meta name=\"description\" content=\"Aprende a surfar com a Surfing Lisbon em Portugal. Aulas di\u00e1rias de surf para todos os n\u00edveis e surf. Estamos situados na praia da Costa da Caparica\" \/>\n<meta name=\"robots\" content=\"index, follow, max-snippet:-1, max-image-preview:large, max-video-preview:-1\" \/>\n<link rel=\"canonical\" href=\"https:\/\/surfinglisbon.com\/pt-pt\/\" \/>\n<meta property=\"og:locale\" content=\"pt_PT\" \/>\n<meta property=\"og:type\" content=\"article\" \/>\n<meta property=\"og:title\" content=\"Surfing Lisbon | Aulas de Surf em Lisboa | Portugal\" \/>\n<meta property=\"og:description\" content=\"Aprende a surfar com a Surfing Lisbon em Portugal. Aulas di\u00e1rias de surf para todos os n\u00edveis e surf. Estamos situados na praia da Costa da Caparica\" \/>\n<meta property=\"og:url\" content=\"https:\/\/surfinglisbon.com\/pt-pt\/\" \/>\n<meta property=\"og:site_name\" content=\"Surfing Lisbon\" \/>\n<meta property=\"article:publisher\" content=\"https:\/\/www.facebook.com\/profile.php?id=100065114705610\" \/>\n<meta property=\"article:modified_time\" content=\"2025-12-26T16:20:50+00:00\" \/>\n<meta name=\"twitter:card\" content=\"summary_large_image\" \/>\n<script type=\"application\/ld+json\" class=\"yoast-schema-graph\">{\"@context\":\"https:\\\/\\\/schema.org\",\"@graph\":[{\"@type\":\"WebPage\",\"@id\":\"https:\\\/\\\/surfinglisbon.com\\\/pt-pt\\\/\",\"url\":\"https:\\\/\\\/surfinglisbon.com\\\/pt-pt\\\/\",\"name\":\"Surfing Lisbon | Aulas de Surf em Lisboa | Portugal\",\"isPartOf\":{\"@id\":\"https:\\\/\\\/surfinglisbon.com\\\/pt-pt\\\/#website\"},\"datePublished\":\"2020-10-20T08:58:34+00:00\",\"dateModified\":\"2025-12-26T16:20:50+00:00\",\"description\":\"Aprende a surfar com a Surfing Lisbon em Portugal. Aulas di\u00e1rias de surf para todos os n\u00edveis e surf. Estamos situados na praia da Costa da Caparica\",\"breadcrumb\":{\"@id\":\"https:\\\/\\\/surfinglisbon.com\\\/pt-pt\\\/#breadcrumb\"},\"inLanguage\":\"pt-PT\",\"potentialAction\":[{\"@type\":\"ReadAction\",\"target\":[\"https:\\\/\\\/surfinglisbon.com\\\/pt-pt\\\/\"]}]},{\"@type\":\"BreadcrumbList\",\"@id\":\"https:\\\/\\\/surfinglisbon.com\\\/pt-pt\\\/#breadcrumb\",\"itemListElement\":[{\"@type\":\"ListItem\",\"position\":1,\"name\":\"Home\",\"item\":\"https:\\\/\\\/surfinglisbon.com\\\/pt-pt\\\/\"},{\"@type\":\"ListItem\",\"position\":2,\"name\":\"Surfar em Lisboa\"}]},{\"@type\":\"WebSite\",\"@id\":\"https:\\\/\\\/surfinglisbon.com\\\/pt-pt\\\/#website\",\"url\":\"https:\\\/\\\/surfinglisbon.com\\\/pt-pt\\\/\",\"name\":\"Surfing Lisbon\",\"description\":\"Surf Lessons in Lisbon\",\"publisher\":{\"@id\":\"https:\\\/\\\/surfinglisbon.com\\\/pt-pt\\\/#organization\"},\"potentialAction\":[{\"@type\":\"SearchAction\",\"target\":{\"@type\":\"EntryPoint\",\"urlTemplate\":\"https:\\\/\\\/surfinglisbon.com\\\/pt-pt\\\/?s={search_term_string}\"},\"query-input\":{\"@type\":\"PropertyValueSpecification\",\"valueRequired\":true,\"valueName\":\"search_term_string\"}}],\"inLanguage\":\"pt-PT\"},{\"@type\":\"Organization\",\"@id\":\"https:\\\/\\\/surfinglisbon.com\\\/pt-pt\\\/#organization\",\"name\":\"Surfar em Lisboa\",\"url\":\"https:\\\/\\\/surfinglisbon.com\\\/pt-pt\\\/\",\"logo\":{\"@type\":\"ImageObject\",\"inLanguage\":\"pt-PT\",\"@id\":\"https:\\\/\\\/surfinglisbon.com\\\/pt-pt\\\/#\\\/schema\\\/logo\\\/image\\\/\",\"url\":\"https:\\\/\\\/surfinglisbon.com\\\/wp-content\\\/uploads\\\/2024\\\/12\\\/cropped-android-chrome-512x512-1.png\",\"contentUrl\":\"https:\\\/\\\/surfinglisbon.com\\\/wp-content\\\/uploads\\\/2024\\\/12\\\/cropped-android-chrome-512x512-1.png\",\"width\":512,\"height\":512,\"caption\":\"Surfar em Lisboa\"},\"image\":{\"@id\":\"https:\\\/\\\/surfinglisbon.com\\\/pt-pt\\\/#\\\/schema\\\/logo\\\/image\\\/\"},\"sameAs\":[\"https:\\\/\\\/www.facebook.com\\\/profile.php?id=100065114705610\",\"https:\\\/\\\/www.instagram.com\\\/surfinglisbon\"]}]}<\/script>\n<!-- \/ Yoast SEO plugin. -->","yoast_head_json":{"title":"Surfing Lisbon | Aulas de Surf em Lisboa | Portugal","description":"Aprende a surfar com a Surfing Lisbon em Portugal. Aulas di\u00e1rias de surf para todos os n\u00edveis e surf. Estamos situados na praia da Costa da Caparica","robots":{"index":"index","follow":"follow","max-snippet":"max-snippet:-1","max-image-preview":"max-image-preview:large","max-video-preview":"max-video-preview:-1"},"canonical":"https:\/\/surfinglisbon.com\/pt-pt\/","og_locale":"pt_PT","og_type":"article","og_title":"Surfing Lisbon | Aulas de Surf em Lisboa | Portugal","og_description":"Aprende a surfar com a Surfing Lisbon em Portugal. Aulas di\u00e1rias de surf para todos os n\u00edveis e surf. Estamos situados na praia da Costa da Caparica","og_url":"https:\/\/surfinglisbon.com\/pt-pt\/","og_site_name":"Surfing Lisbon","article_publisher":"https:\/\/www.facebook.com\/profile.php?id=100065114705610","article_modified_time":"2025-12-26T16:20:50+00:00","twitter_card":"summary_large_image","schema":{"@context":"https:\/\/schema.org","@graph":[{"@type":"WebPage","@id":"https:\/\/surfinglisbon.com\/pt-pt\/","url":"https:\/\/surfinglisbon.com\/pt-pt\/","name":"Surfing Lisbon | Aulas de Surf em Lisboa | Portugal","isPartOf":{"@id":"https:\/\/surfinglisbon.com\/pt-pt\/#website"},"datePublished":"2020-10-20T08:58:34+00:00","dateModified":"2025-12-26T16:20:50+00:00","description":"Aprende a surfar com a Surfing Lisbon em Portugal. Aulas di\u00e1rias de surf para todos os n\u00edveis e surf. Estamos situados na praia da Costa da Caparica","breadcrumb":{"@id":"https:\/\/surfinglisbon.com\/pt-pt\/#breadcrumb"},"inLanguage":"pt-PT","potentialAction":[{"@type":"ReadAction","target":["https:\/\/surfinglisbon.com\/pt-pt\/"]}]},{"@type":"BreadcrumbList","@id":"https:\/\/surfinglisbon.com\/pt-pt\/#breadcrumb","itemListElement":[{"@type":"ListItem","position":1,"name":"Home","item":"https:\/\/surfinglisbon.com\/pt-pt\/"},{"@type":"ListItem","position":2,"name":"Surfar em Lisboa"}]},{"@type":"WebSite","@id":"https:\/\/surfinglisbon.com\/pt-pt\/#website","url":"https:\/\/surfinglisbon.com\/pt-pt\/","name":"Surfing Lisbon","description":"Surf Lessons in Lisbon","publisher":{"@id":"https:\/\/surfinglisbon.com\/pt-pt\/#organization"},"potentialAction":[{"@type":"SearchAction","target":{"@type":"EntryPoint","urlTemplate":"https:\/\/surfinglisbon.com\/pt-pt\/?s={search_term_string}"},"query-input":{"@type":"PropertyValueSpecification","valueRequired":true,"valueName":"search_term_string"}}],"inLanguage":"pt-PT"},{"@type":"Organization","@id":"https:\/\/surfinglisbon.com\/pt-pt\/#organization","name":"Surfar em Lisboa","url":"https:\/\/surfinglisbon.com\/pt-pt\/","logo":{"@type":"ImageObject","inLanguage":"pt-PT","@id":"https:\/\/surfinglisbon.com\/pt-pt\/#\/schema\/logo\/image\/","url":"https:\/\/surfinglisbon.com\/wp-content\/uploads\/2024\/12\/cropped-android-chrome-512x512-1.png","contentUrl":"https:\/\/surfinglisbon.com\/wp-content\/uploads\/2024\/12\/cropped-android-chrome-512x512-1.png","width":512,"height":512,"caption":"Surfar em Lisboa"},"image":{"@id":"https:\/\/surfinglisbon.com\/pt-pt\/#\/schema\/logo\/image\/"},"sameAs":["https:\/\/www.facebook.com\/profile.php?id=100065114705610","https:\/\/www.instagram.com\/surfinglisbon"]}]}},"_links":{"self":[{"href":"https:\/\/surfinglisbon.com\/pt-pt\/wp-json\/wp\/v2\/pages\/239857","targetHints":{"allow":["GET"]}}],"collection":[{"href":"https:\/\/surfinglisbon.com\/pt-pt\/wp-json\/wp\/v2\/pages"}],"about":[{"href":"https:\/\/surfinglisbon.com\/pt-pt\/wp-json\/wp\/v2\/types\/page"}],"author":[{"embeddable":true,"href":"https:\/\/surfinglisbon.com\/pt-pt\/wp-json\/wp\/v2\/users\/1"}],"replies":[{"embeddable":true,"href":"https:\/\/surfinglisbon.com\/pt-pt\/wp-json\/wp\/v2\/comments?post=239857"}],"version-history":[{"count":0,"href":"https:\/\/surfinglisbon.com\/pt-pt\/wp-json\/wp\/v2\/pages\/239857\/revisions"}],"wp:attachment":[{"href":"https:\/\/surfinglisbon.com\/pt-pt\/wp-json\/wp\/v2\/media?parent=239857"}],"curies":[{"name":"wp","href":"https:\/\/api.w.org\/{rel}","templated":true}]}}